{"id":269,"date":"2022-11-07T18:57:07","date_gmt":"2022-11-07T17:57:07","guid":{"rendered":"https:\/\/notariuszpruszkow.waw.pl\/kontakt\/"},"modified":"2023-05-12T17:30:28","modified_gmt":"2023-05-12T15:30:28","slug":"kontakt","status":"publish","type":"page","link":"https:\/\/notariuszpruszkow.waw.pl\/en\/kontakt\/","title":{"rendered":"Kontakt"},"content":{"rendered":"<section class=\"l-section wpb_row us_custom_fdcab3db height_medium width_full\"><div class=\"l-section-h i-cf\"><div class=\"g-cols vc_row via_grid cols_1 laptops-cols_inherit tablets-cols_inherit mobiles-cols_1 valign_top type_default stacking_default\"><div class=\"wpb_column vc_column_container\"><div class=\"vc_column-inner\">[vc_raw_html]JTNDaWZyYW1lJTIwc3JjJTNEJTIyaHR0cHMlM0ElMkYlMkZ3d3cuZ29vZ2xlLmNvbSUyRm1hcHMlMkZlbWJlZCUzRnBiJTNEJTIxMW0xOCUyMTFtMTIlMjExbTMlMjExZDE2OTQ2LjcxNjYyMTYwNjA2NSUyMTJkMjAuNzk2NjA2OTM0NjIwOTMyJTIxM2Q1Mi4xNjI4ODY2MTc5MzAxNyUyMTJtMyUyMTFmMCUyMTJmMCUyMTNmMCUyMTNtMiUyMTFpMTAyNCUyMTJpNzY4JTIxNGYxMy4xJTIxM20zJTIxMW0yJTIxMXMweDQ3MTkzNTU3NjEyYmNjOGIlMjUzQTB4YzdiNjE4YWFiNzRjYWFiZCUyMTJzTm90YXJpdXN6JTI1MjBBbml0YSUyNTIwR2FkYWN6LVNraWJhJTI1MjBLYW5jZWxhcmlhJTI1MjBOb3RhcmlhbG5hJTIxNWUwJTIxM20yJTIxMXNwbCUyMTJzcGwlMjE0djE2Njg3MzM4NTQ2NTAlMjE1bTIlMjExc3BsJTIxMnNwbCUyMiUyMHdpZHRoJTNEJTIyMTAwJTI1JTIyJTIwaGVpZ2h0JTNEJTIyNDUwJTIyJTIwc3R5bGUlM0QlMjJib3JkZXIlM0EwJTNCJTIyJTIwYWxsb3dmdWxsc2NyZWVuJTNEJTIyJTIyJTIwbG9hZGluZyUzRCUyMmxhenklMjIlMjByZWZlcnJlcnBvbGljeSUzRCUyMm5vLXJlZmVycmVyLXdoZW4tZG93bmdyYWRlJTIyJTNFJTNDJTJGaWZyYW1lJTNF[\/vc_raw_html]<\/div><\/div><\/div><\/div><\/section><section class=\"l-section wpb_row us_custom_fdcab3db height_medium\"><div class=\"l-section-h i-cf\"><div class=\"g-cols vc_row via_grid cols_1 laptops-cols_inherit tablets-cols_inherit mobiles-cols_1 valign_top type_default stacking_default\"><div class=\"wpb_column vc_column_container\"><div class=\"vc_column-inner\"><div class=\"w-separator us_custom_f75954c4 size_small with_line width_default thick_1 style_solid color_border align_left with_text with_content\"><div class=\"w-separator-h\"><h6 class=\"w-separator-text\"><span>Kontakt<\/span><\/h6><\/div><\/div><\/div><\/div><\/div><\/div><\/section><section class=\"l-section wpb_row height_medium\"><div class=\"l-section-h i-cf\"><div class=\"g-cols vc_row via_grid cols_1-2 laptops-cols_inherit tablets-cols_inherit mobiles-cols_1 valign_top type_default stacking_default\"><div class=\"wpb_column vc_column_container\"><div class=\"vc_column-inner\"><div class=\"w-text us_custom_427d296f\"><span class=\"w-text-h\"><span class=\"w-text-value\">Kancelaria<\/span><\/span><\/div><div class=\"wpb_text_column\"><div class=\"wpb_wrapper\"><p style=\"font-size: 18px;\"><strong>Anita Gadacz-Skiba<\/strong><br \/>\n<span style=\"font-size: 13px; font-style: italic;\">NOTARIUSZ<\/span><\/p>\n<p>ul. Ko\u015bciuszki 28 lok. 23\/4<br \/>\n05-800 Pruszk\u00f3w<\/p>\n<p>gabinet nr 4, pi\u0119tro I-sze (nad Cukierni\u0105 Sowa)<br \/>\ndomofon numer 23<\/p>\n<p>tel. <a href=\"tel:+48728060061\">728 060 061<\/a><\/p>\n<p>www.notariuszpruszkow.waw.pl<br \/>\n<a href=\"mailto:gadacz-skiba@notariusze.waw.pl\">gadacz-skiba@notariusze.waw.pl<\/a><\/p>\n<\/div><\/div><div class=\"w-separator size_small\"><\/div><div class=\"w-text us_custom_427d296f\"><span class=\"w-text-h\"><span class=\"w-text-value\">Godziny pracy<\/span><\/span><\/div><div class=\"wpb_text_column\"><div class=\"wpb_wrapper\"><p style=\"font-size: 18px;\"><span style=\"font-size: 12pt;\"><strong>poniedzia\u0142ek \u2013 pi\u0105tek<\/strong> &#8211; 10:00 \u2013 18:00<\/span><br \/>\n<span style=\"font-size: 12pt;\"><strong>sobota<\/strong> &#8211; 10:00 \u2013 13:00<\/span><br \/>\n<span style=\"font-size: 12pt;\"><strong>niedziela <\/strong>&#8211;\u00a0zamkni\u0119te<\/span><\/p>\n<p style=\"font-size: 18px;\"><span style=\"font-size: 12pt;\"><strong><em>Niestandardowy tryb pracy<\/em><\/strong><\/span><\/p>\n<p style=\"font-size: 18px;\"><span style=\"font-size: 12pt;\"><em>Istnieje mo\u017cliwo\u015b\u0107 dokonania czynno\u015bci o innej porze ka\u017cdego dnia tygodnia, po wcze\u015bniejszym <\/em><em>uzgodnieniu terminu.<\/em><\/span><\/p>\n<p style=\"font-size: 18px;\"><span style=\"font-size: 12pt;\"><em>Czynno\u015bci notarialne mog\u0105 by\u0107 dokonywane poza siedzib\u0105 Kancelarii wtedy, je\u015bli przemawia za tym ich <\/em><em>charakter lub szczeg\u00f3lne okoliczno\u015bci.<\/em><\/span><\/p>\n<\/div><\/div><\/div><\/div><div class=\"wpb_column vc_column_container\"><div class=\"vc_column-inner\"><div class=\"w-text us_custom_427d296f\"><span class=\"w-text-h\"><span class=\"w-text-value\">Formularz kontaktowy<\/span><\/span><\/div><div class=\"wpcf7 no-js\" id=\"wpcf7-f98-o1\" lang=\"pl-PL\" dir=\"ltr\">\n<div class=\"screen-reader-response\"><p role=\"status\" aria-live=\"polite\" aria-atomic=\"true\"><\/p> <ul><\/ul><\/div>\n<form action=\"\/en\/wp-json\/wp\/v2\/pages\/269#wpcf7-f98-o1\" method=\"post\" class=\"wpcf7-form init\" aria-label=\"Formularz kontaktowy\" enctype=\"multipart\/form-data\" novalidate=\"novalidate\" data-status=\"init\">\n<div style=\"display: none;\">\n<input type=\"hidden\" name=\"_wpcf7\" value=\"98\" \/>\n<input type=\"hidden\" name=\"_wpcf7_version\" value=\"5.7.2\" \/>\n<input type=\"hidden\" name=\"_wpcf7_locale\" value=\"pl_PL\" \/>\n<input type=\"hidden\" name=\"_wpcf7_unit_tag\" value=\"wpcf7-f98-o1\" \/>\n<input type=\"hidden\" name=\"_wpcf7_container_post\" value=\"0\" \/>\n<input type=\"hidden\" name=\"_wpcf7_posted_data_hash\" value=\"\" \/>\n<\/div>\n<p><label> Imi\u0119 i nazwisko*<br \/>\n<span class=\"wpcf7-form-control-wrap\" data-name=\"imie-nazwisko\"><input size=\"40\" class=\"wpcf7-form-control wpcf7-text wpcf7-validates-as-required\" aria-required=\"true\" aria-invalid=\"false\" value=\"\" type=\"text\" name=\"imie-nazwisko\" \/><\/span> <\/label>\n<\/p>\n<p><label> E-mail*<br \/>\n<span class=\"wpcf7-form-control-wrap\" data-name=\"email\"><input size=\"40\" class=\"wpcf7-form-control wpcf7-text wpcf7-email wpcf7-validates-as-required wpcf7-validates-as-email\" aria-required=\"true\" aria-invalid=\"false\" value=\"\" type=\"email\" name=\"email\" \/><\/span> <\/label>\n<\/p>\n<p><label> Wiadomo\u015b\u0107<br \/>\n<span class=\"wpcf7-form-control-wrap\" data-name=\"wiadomosc\"><textarea cols=\"40\" rows=\"10\" class=\"wpcf7-form-control wpcf7-textarea\" aria-invalid=\"false\" name=\"wiadomosc\"><\/textarea><\/span> <\/label>\n<\/p>\n<p><label> Dokument <span style=\"font-size: 11px; font-style: italic;\">(opcjonalna opcja wys\u0142ania dokument\u00f3w do notariusza, pole niewymagane)<\/span><br \/>\n<span class=\"wpcf7-form-control-wrap\" data-name=\"plik\"><input size=\"40\" class=\"wpcf7-form-control wpcf7-file\" accept=\".jpg,.png,.jpeg,.pdf,.doc,.docx,.odt,.rtf,.txt\" aria-invalid=\"false\" type=\"file\" name=\"plik\" \/><\/span> <\/label>\n<\/p>\n<p><input class=\"wpcf7-form-control has-spinner wpcf7-submit\" type=\"submit\" value=\"Wy\u015blij\" \/>\n<\/p><div class=\"wpcf7-response-output\" aria-hidden=\"true\"><\/div><\/form><\/div><\/div><\/div><\/div><\/div><\/section>\n","protected":false},"excerpt":{"rendered":"[vc_raw_html]JTNDaWZyYW1lJTIwc3JjJTNEJTIyaHR0cHMlM0ElMkYlMkZ3d3cuZ29vZ2xlLmNvbSUyRm1hcHMlMkZlbWJlZCUzRnBiJTNEJTIxMW0xOCUyMTFtMTIlMjExbTMlMjExZDE2OTQ2LjcxNjYyMTYwNjA2NSUyMTJkMjAuNzk2NjA2OTM0NjIwOTMyJTIxM2Q1Mi4xNjI4ODY2MTc5MzAxNyUyMTJtMyUyMTFmMCUyMTJmMCUyMTNmMCUyMTNtMiUyMTFpMTAyNCUyMTJpNzY4JTIxNGYxMy4xJTIxM20zJTIxMW0yJTIxMXMweDQ3MTkzNTU3NjEyYmNjOGIlMjUzQTB4YzdiNjE4YWFiNzRjYWFiZCUyMTJzTm90YXJpdXN6JTI1MjBBbml0YSUyNTIwR2FkYWN6LVNraWJhJTI1MjBLYW5jZWxhcmlhJTI1MjBOb3RhcmlhbG5hJTIxNWUwJTIxM20yJTIxMXNwbCUyMTJzcGwlMjE0djE2Njg3MzM4NTQ2NTAlMjE1bTIlMjExc3BsJTIxMnNwbCUyMiUyMHdpZHRoJTNEJTIyMTAwJTI1JTIyJTIwaGVpZ2h0JTNEJTIyNDUwJTIyJTIwc3R5bGUlM0QlMjJib3JkZXIlM0EwJTNCJTIyJTIwYWxsb3dmdWxsc2NyZWVuJTNEJTIyJTIyJTIwbG9hZGluZyUzRCUyMmxhenklMjIlMjByZWZlcnJlcnBvbGljeSUzRCUyMm5vLXJlZmVycmVyLXdoZW4tZG93bmdyYWRlJTIyJTNFJTNDJTJGaWZyYW1lJTNF[\/vc_raw_html]KontaktKancelariaAnita Gadacz-Skiba NOTARIUSZ ul. Ko\u015bciuszki 28 lok. 23\/4 05-800 Pruszk\u00f3w gabinet nr 4, pi\u0119tro I-sze (nad Cukierni\u0105 Sowa) domofon numer 23 tel. 728 060 061 www.notariuszpruszkow.waw.pl gadacz-skiba@notariusze.waw.pl Godziny pracyponiedzia\u0142ek \u2013 pi\u0105tek &#8211; 10:00 \u2013 18:00 sobota &#8211; 10:00 \u2013 13:00 niedziela &#8211;\u00a0zamkni\u0119te Niestandardowy tryb pracy Istnieje mo\u017cliwo\u015b\u0107 dokonania czynno\u015bci o innej porze ka\u017cdego dnia tygodnia,...","protected":false},"author":1,"featured_media":0,"parent":0,"menu_order":0,"comment_status":"closed","ping_status":"closed","template":"","meta":{"_mi_skip_tracking":false},"yoast_head":"<!-- This site is optimized with the Yoast SEO Premium plugin v19.5 (Yoast SEO v19.14) - https:\/\/yoast.com\/wordpress\/plugins\/seo\/ -->\n<title>Kontakt - Kancelaria Notarialna Anita Gadacz-Skiba<\/title>\n<meta name=\"robots\" content=\"index, follow, max-snippet:-1, max-image-preview:large, max-video-preview:-1\" \/>\n<link rel=\"canonical\" href=\"https:\/\/notariuszpruszkow.waw.pl\/en\/kontakt\/\" \/>\n<meta property=\"og:locale\" content=\"en_US\" \/>\n<meta property=\"og:type\" content=\"article\" \/>\n<meta property=\"og:title\" content=\"Kontakt\" \/>\n<meta property=\"og:url\" content=\"https:\/\/notariuszpruszkow.waw.pl\/en\/kontakt\/\" \/>\n<meta property=\"og:site_name\" content=\"Kancelaria Notarialna Anita Gadacz-Skiba\" \/>\n<meta property=\"article:modified_time\" content=\"2023-05-12T15:30:28+00:00\" \/>\n<meta name=\"twitter:card\" content=\"summary_large_image\" \/>\n<meta name=\"twitter:label1\" content=\"Est. reading time\" \/>\n\t<meta name=\"twitter:data1\" content=\"1 minute\" \/>\n<script type=\"application\/ld+json\" class=\"yoast-schema-graph\">{\"@context\":\"https:\/\/schema.org\",\"@graph\":[{\"@type\":\"WebPage\",\"@id\":\"https:\/\/notariuszpruszkow.waw.pl\/en\/kontakt\/\",\"url\":\"https:\/\/notariuszpruszkow.waw.pl\/en\/kontakt\/\",\"name\":\"Kontakt - Kancelaria Notarialna Anita Gadacz-Skiba\",\"isPartOf\":{\"@id\":\"https:\/\/notariuszpruszkow.waw.pl\/#website\"},\"datePublished\":\"2022-11-07T17:57:07+00:00\",\"dateModified\":\"2023-05-12T15:30:28+00:00\",\"breadcrumb\":{\"@id\":\"https:\/\/notariuszpruszkow.waw.pl\/en\/kontakt\/#breadcrumb\"},\"inLanguage\":\"en-US\",\"potentialAction\":[{\"@type\":\"ReadAction\",\"target\":[\"https:\/\/notariuszpruszkow.waw.pl\/en\/kontakt\/\"]}]},{\"@type\":\"BreadcrumbList\",\"@id\":\"https:\/\/notariuszpruszkow.waw.pl\/en\/kontakt\/#breadcrumb\",\"itemListElement\":[{\"@type\":\"ListItem\",\"position\":1,\"name\":\"Strona g\u0142\u00f3wna\",\"item\":\"https:\/\/notariuszpruszkow.waw.pl\/en\/\"},{\"@type\":\"ListItem\",\"position\":2,\"name\":\"Kontakt\"}]},{\"@type\":\"WebSite\",\"@id\":\"https:\/\/notariuszpruszkow.waw.pl\/#website\",\"url\":\"https:\/\/notariuszpruszkow.waw.pl\/\",\"name\":\"Kancelaria Notarialna Anita Gadacz-Skiba\",\"description\":\"Kancelaria w Pruszkowie\",\"publisher\":{\"@id\":\"https:\/\/notariuszpruszkow.waw.pl\/#organization\"},\"alternateName\":\"Notariusz w Pruszkowie\",\"potentialAction\":[{\"@type\":\"SearchAction\",\"target\":{\"@type\":\"EntryPoint\",\"urlTemplate\":\"https:\/\/notariuszpruszkow.waw.pl\/?s={search_term_string}\"},\"query-input\":\"required name=search_term_string\"}],\"inLanguage\":\"en-US\"},{\"@type\":\"Organization\",\"@id\":\"https:\/\/notariuszpruszkow.waw.pl\/#organization\",\"name\":\"Kancelaria Notarialna Anita Gadacz-Skiba\",\"url\":\"https:\/\/notariuszpruszkow.waw.pl\/\",\"logo\":{\"@type\":\"ImageObject\",\"inLanguage\":\"en-US\",\"@id\":\"https:\/\/notariuszpruszkow.waw.pl\/#\/schema\/logo\/image\/\",\"url\":\"https:\/\/notariuszpruszkow.waw.pl\/wp-content\/uploads\/2022\/11\/logo-black.png\",\"contentUrl\":\"https:\/\/notariuszpruszkow.waw.pl\/wp-content\/uploads\/2022\/11\/logo-black.png\",\"width\":2084,\"height\":605,\"caption\":\"Kancelaria Notarialna Anita Gadacz-Skiba\"},\"image\":{\"@id\":\"https:\/\/notariuszpruszkow.waw.pl\/#\/schema\/logo\/image\/\"}}]}<\/script>\n<!-- \/ Yoast SEO Premium plugin. -->","yoast_head_json":{"title":"Kontakt - Kancelaria Notarialna Anita Gadacz-Skiba","robots":{"index":"index","follow":"follow","max-snippet":"max-snippet:-1","max-image-preview":"max-image-preview:large","max-video-preview":"max-video-preview:-1"},"canonical":"https:\/\/notariuszpruszkow.waw.pl\/en\/kontakt\/","og_locale":"en_US","og_type":"article","og_title":"Kontakt","og_url":"https:\/\/notariuszpruszkow.waw.pl\/en\/kontakt\/","og_site_name":"Kancelaria Notarialna Anita Gadacz-Skiba","article_modified_time":"2023-05-12T15:30:28+00:00","twitter_card":"summary_large_image","twitter_misc":{"Est. reading time":"1 minute"},"schema":{"@context":"https:\/\/schema.org","@graph":[{"@type":"WebPage","@id":"https:\/\/notariuszpruszkow.waw.pl\/en\/kontakt\/","url":"https:\/\/notariuszpruszkow.waw.pl\/en\/kontakt\/","name":"Kontakt - Kancelaria Notarialna Anita Gadacz-Skiba","isPartOf":{"@id":"https:\/\/notariuszpruszkow.waw.pl\/#website"},"datePublished":"2022-11-07T17:57:07+00:00","dateModified":"2023-05-12T15:30:28+00:00","breadcrumb":{"@id":"https:\/\/notariuszpruszkow.waw.pl\/en\/kontakt\/#breadcrumb"},"inLanguage":"en-US","potentialAction":[{"@type":"ReadAction","target":["https:\/\/notariuszpruszkow.waw.pl\/en\/kontakt\/"]}]},{"@type":"BreadcrumbList","@id":"https:\/\/notariuszpruszkow.waw.pl\/en\/kontakt\/#breadcrumb","itemListElement":[{"@type":"ListItem","position":1,"name":"Strona g\u0142\u00f3wna","item":"https:\/\/notariuszpruszkow.waw.pl\/en\/"},{"@type":"ListItem","position":2,"name":"Kontakt"}]},{"@type":"WebSite","@id":"https:\/\/notariuszpruszkow.waw.pl\/#website","url":"https:\/\/notariuszpruszkow.waw.pl\/","name":"Kancelaria Notarialna Anita Gadacz-Skiba","description":"Kancelaria w Pruszkowie","publisher":{"@id":"https:\/\/notariuszpruszkow.waw.pl\/#organization"},"alternateName":"Notariusz w Pruszkowie","potentialAction":[{"@type":"SearchAction","target":{"@type":"EntryPoint","urlTemplate":"https:\/\/notariuszpruszkow.waw.pl\/?s={search_term_string}"},"query-input":"required name=search_term_string"}],"inLanguage":"en-US"},{"@type":"Organization","@id":"https:\/\/notariuszpruszkow.waw.pl\/#organization","name":"Kancelaria Notarialna Anita Gadacz-Skiba","url":"https:\/\/notariuszpruszkow.waw.pl\/","logo":{"@type":"ImageObject","inLanguage":"en-US","@id":"https:\/\/notariuszpruszkow.waw.pl\/#\/schema\/logo\/image\/","url":"https:\/\/notariuszpruszkow.waw.pl\/wp-content\/uploads\/2022\/11\/logo-black.png","contentUrl":"https:\/\/notariuszpruszkow.waw.pl\/wp-content\/uploads\/2022\/11\/logo-black.png","width":2084,"height":605,"caption":"Kancelaria Notarialna Anita Gadacz-Skiba"},"image":{"@id":"https:\/\/notariuszpruszkow.waw.pl\/#\/schema\/logo\/image\/"}}]}},"_links":{"self":[{"href":"https:\/\/notariuszpruszkow.waw.pl\/en\/wp-json\/wp\/v2\/pages\/269"}],"collection":[{"href":"https:\/\/notariuszpruszkow.waw.pl\/en\/wp-json\/wp\/v2\/pages"}],"about":[{"href":"https:\/\/notariuszpruszkow.waw.pl\/en\/wp-json\/wp\/v2\/types\/page"}],"author":[{"embeddable":true,"href":"https:\/\/notariuszpruszkow.waw.pl\/en\/wp-json\/wp\/v2\/users\/1"}],"replies":[{"embeddable":true,"href":"https:\/\/notariuszpruszkow.waw.pl\/en\/wp-json\/wp\/v2\/comments?post=269"}],"version-history":[{"count":1,"href":"https:\/\/notariuszpruszkow.waw.pl\/en\/wp-json\/wp\/v2\/pages\/269\/revisions"}],"predecessor-version":[{"id":442,"href":"https:\/\/notariuszpruszkow.waw.pl\/en\/wp-json\/wp\/v2\/pages\/269\/revisions\/442"}],"wp:attachment":[{"href":"https:\/\/notariuszpruszkow.waw.pl\/en\/wp-json\/wp\/v2\/media?parent=269"}],"curies":[{"name":"wp","href":"https:\/\/api.w.org\/{rel}","templated":true}]}}