{"id":272,"date":"2022-11-07T18:56:27","date_gmt":"2022-11-07T17:56:27","guid":{"rendered":"https:\/\/notariuszpruszkow.waw.pl\/czynnosci\/"},"modified":"2023-01-11T09:02:53","modified_gmt":"2023-01-11T08:02:53","slug":"notary-activities","status":"publish","type":"page","link":"https:\/\/notariuszpruszkow.waw.pl\/en\/notary-activities\/","title":{"rendered":"Czynno\u015bci"},"content":{"rendered":"<section class=\"l-section wpb_row us_custom_2eaf5d51 height_medium\"><div class=\"l-section-h i-cf\"><div class=\"g-cols vc_row via_grid cols_1 laptops-cols_inherit tablets-cols_inherit mobiles-cols_1 valign_top type_default stacking_default\"><div class=\"wpb_column vc_column_container\"><div class=\"vc_column-inner\"><div class=\"w-separator us_custom_9de87d4e size_small with_line width_default thick_1 style_solid color_border align_left with_text with_content\"><div class=\"w-separator-h\"><h6 class=\"w-separator-text\"><span>Czynno\u015bci<\/span><\/h6><\/div><\/div><\/div><\/div><\/div><\/div><\/section><section class=\"l-section wpb_row us_custom_fdcab3db height_medium\"><div class=\"l-section-h i-cf\"><div class=\"g-cols vc_row via_grid cols_2 laptops-cols_inherit tablets-cols_inherit mobiles-cols_1 valign_top type_default stacking_default\"><div class=\"wpb_column vc_column_container\"><div class=\"vc_column-inner\"><div class=\"smile_icon_list_wrap ult_info_list_container ult-adjust-bottom-margin  \"><ul class=\"smile_icon_list left square with_bg\"><li class=\"icon_list_item\" style=\" font-size:42px;\"><div class=\"icon_list_icon\" data-animation=\"\" data-animation-delay=\"03\" style=\"font-size:14px;border-width:1px;border-style:none;background:#ffffff;color:#333333;border-color:#333333;\"><img class=\"list-img-icon\" alt=\"null\" src=\"https:\/\/notariuszpruszkow.waw.pl\/wp-content\/uploads\/2022\/11\/Paragraf_-_symbol.svg\"\/><\/div><div class=\"icon_description\" id=\"Info-list-wrap-3786\" style=\"font-size:14px;\"><div class=\"icon_description_text ult-responsive\"  data-ultimate-target='#Info-list-wrap-3786 .icon_description_text'  data-responsive-json-new='{\"font-size\":\"desktop:16px;\",\"line-height\":\"desktop:28px;\"}'  style=\"\"><p>Notariusz w zakresie swoich uprawnie\u0144 dzia\u0142a jako osoba zaufania publicznego. Czynno\u015bci notarialne, dokonane przez notariusza zgodnie z prawem, maj\u0105 charakter dokumentu urz\u0119dowego.<\/p>\n<\/div><\/div><div class=\"icon_list_connector\"  style=\"border-right-width: 1px;border-right-style: dashed;border-color: #333333;\"><\/div><\/li><li class=\"icon_list_item\" style=\" font-size:42px;\"><div class=\"icon_list_icon\" data-animation=\"\" data-animation-delay=\"03\" style=\"font-size:14px;border-width:1px;border-style:none;background:#ffffff;color:#333333;border-color:#333333;\"><img class=\"list-img-icon\" alt=\"null\" src=\"https:\/\/notariuszpruszkow.waw.pl\/wp-content\/uploads\/2022\/11\/Paragraf_-_symbol.svg\"\/><\/div><div class=\"icon_description\" id=\"Info-list-wrap-5812\" style=\"font-size:14px;\"><div class=\"icon_description_text ult-responsive\"  data-ultimate-target='#Info-list-wrap-5812 .icon_description_text'  data-responsive-json-new='{\"font-size\":\"desktop:16px;\",\"line-height\":\"desktop:28px;\"}'  style=\"\"><p>Czynno\u015bci notarialnych dokonuje si\u0119 w j\u0119zyku polskim. Jednak na \u017c\u0105danie strony Notariusz mo\u017ce dokona\u0107 dodatkowo czynno\u015bci w j\u0119zyku obcym, korzystaj\u0105c z pomocy t\u0142umacza przysi\u0119g\u0142ego.<\/p>\n<\/div><\/div><div class=\"icon_list_connector\"  style=\"border-right-width: 1px;border-right-style: dashed;border-color: #333333;\"><\/div><\/li><li class=\"icon_list_item\" style=\" font-size:42px;\"><div class=\"icon_list_icon\" data-animation=\"\" data-animation-delay=\"03\" style=\"font-size:14px;border-width:1px;border-style:none;background:#ffffff;color:#333333;border-color:#333333;\"><img class=\"list-img-icon\" alt=\"null\" src=\"https:\/\/notariuszpruszkow.waw.pl\/wp-content\/uploads\/2022\/11\/Paragraf_-_symbol.svg\"\/><\/div><div class=\"icon_description\" id=\"Info-list-wrap-5640\" style=\"font-size:14px;\"><div class=\"icon_description_text ult-responsive\"  data-ultimate-target='#Info-list-wrap-5640 .icon_description_text'  data-responsive-json-new='{\"font-size\":\"desktop:16px;\",\"line-height\":\"desktop:28px;\"}'  style=\"\"><p>Czynno\u015bci notarialne s\u0105 dokonywane w Kancelarii, a gdy przemawia za tym charakter czynno\u015bci lub szczeg\u00f3lne okoliczno\u015bci, czynno\u015b\u0107 mo\u017ce by\u0107 dokonana tak\u017ce w innym miejscu (np. w mieszkaniu chorego klienta, szpitalu).<\/p>\n<\/div><\/div><div class=\"icon_list_connector\"  style=\"border-right-width: 1px;border-right-style: dashed;border-color: #333333;\"><\/div><\/li><\/ul><\/div><\/div><\/div><div class=\"wpb_column vc_column_container\"><div class=\"vc_column-inner\"><div class=\"smile_icon_list_wrap ult_info_list_container ult-adjust-bottom-margin  \"><ul class=\"smile_icon_list left square with_bg\"><li class=\"icon_list_item\" style=\" font-size:42px;\"><div class=\"icon_list_icon\" data-animation=\"\" data-animation-delay=\"03\" style=\"font-size:14px;border-width:1px;border-style:none;background:#ffffff;color:#333333;border-color:#333333;\"><img class=\"list-img-icon\" alt=\"null\" src=\"https:\/\/notariuszpruszkow.waw.pl\/wp-content\/uploads\/2022\/11\/Paragraf_-_symbol.svg\"\/><\/div><div class=\"icon_description\" id=\"Info-list-wrap-7130\" style=\"font-size:14px;\"><div class=\"icon_description_text ult-responsive\"  data-ultimate-target='#Info-list-wrap-7130 .icon_description_text'  data-responsive-json-new='{\"font-size\":\"desktop:16px;\",\"line-height\":\"desktop:28px;\"}'  style=\"\"><p>Przy dokonywaniu czynno\u015bci notarialnych Notariusz czuwa nad nale\u017cytym zabezpieczeniem praw i s\u0142usznych interes\u00f3w stron oraz innych os\u00f3b, dla kt\u00f3rych czynno\u015b\u0107 mo\u017ce powodowa\u0107 skutki prawne.<\/p>\n<\/div><\/div><div class=\"icon_list_connector\"  style=\"border-right-width: 1px;border-right-style: dashed;border-color: #333333;\"><\/div><\/li><li class=\"icon_list_item\" style=\" font-size:42px;\"><div class=\"icon_list_icon\" data-animation=\"\" data-animation-delay=\"03\" style=\"font-size:14px;border-width:1px;border-style:none;background:#ffffff;color:#333333;border-color:#333333;\"><img class=\"list-img-icon\" alt=\"null\" src=\"https:\/\/notariuszpruszkow.waw.pl\/wp-content\/uploads\/2022\/11\/Paragraf_-_symbol.svg\"\/><\/div><div class=\"icon_description\" id=\"Info-list-wrap-8274\" style=\"font-size:14px;\"><div class=\"icon_description_text ult-responsive\"  data-ultimate-target='#Info-list-wrap-8274 .icon_description_text'  data-responsive-json-new='{\"font-size\":\"desktop:16px;\",\"line-height\":\"desktop:28px;\"}'  style=\"\"><p>Notariusz udziela stronom niezb\u0119dnych wyja\u015bnie\u0144 dotycz\u0105cych dokonywanych czynno\u015bci notarialnych, tak, aby tre\u015b\u0107 i znaczenie czynno\u015bci zosta\u0142y dok\u0142adnie zrozumiane przez osoby bior\u0105ce udzia\u0142 w czynno\u015bci.<\/p>\n<\/div><\/div><div class=\"icon_list_connector\"  style=\"border-right-width: 1px;border-right-style: dashed;border-color: #333333;\"><\/div><\/li><li class=\"icon_list_item\" style=\" font-size:42px;\"><div class=\"icon_list_icon\" data-animation=\"\" data-animation-delay=\"03\" style=\"font-size:14px;border-width:1px;border-style:none;background:#ffffff;color:#333333;border-color:#333333;\"><img class=\"list-img-icon\" alt=\"null\" src=\"https:\/\/notariuszpruszkow.waw.pl\/wp-content\/uploads\/2022\/11\/Paragraf_-_symbol.svg\"\/><\/div><div class=\"icon_description\" id=\"Info-list-wrap-2188\" style=\"font-size:14px;\"><div class=\"icon_description_text ult-responsive\"  data-ultimate-target='#Info-list-wrap-2188 .icon_description_text'  data-responsive-json-new='{\"font-size\":\"desktop:16px;\",\"line-height\":\"desktop:28px;\"}'  style=\"\"><p>Notariusz jest obowi\u0105zany zachowa\u0107 w tajemnicy okoliczno\u015bci sprawy, o kt\u00f3rych powzi\u0105\u0142 wiadomo\u015b\u0107 ze wzgl\u0119du na wykonywane czynno\u015bci notarialne.<\/p>\n<\/div><\/div><div class=\"icon_list_connector\"  style=\"border-right-width: 1px;border-right-style: dashed;border-color: #333333;\"><\/div><\/li><\/ul><\/div><\/div><\/div><\/div><\/div><\/section><section class=\"l-section wpb_row height_medium\"><div class=\"l-section-h i-cf\"><div class=\"g-cols vc_row via_grid cols_1 laptops-cols_inherit tablets-cols_inherit mobiles-cols_1 valign_top type_default stacking_default\"><div class=\"wpb_column vc_column_container\"><div class=\"vc_column-inner\"><div class=\"w-separator size_medium with_line width_default thick_1 style_solid color_border align_center with_text with_content\"><div class=\"w-separator-h\"><h6 class=\"w-separator-text\"><span>\u00a7<\/span><\/h6><\/div><\/div><div class=\"w-grid type_carousel layout_gallery_default cols_3 valign_center\" id=\"us_grid_1\"><style>#us_grid_1 .w-grid-item{padding:1.5rem}#us_grid_1 .w-grid-list{margin:-1.5rem}.w-grid + #us_grid_1 .w-grid-list,.w-grid-none + #us_grid_1 .w-grid-list{margin-top:1.5rem}.layout_gallery_default .w-grid-item-h{}<\/style><div class=\"w-grid-list owl-carousel navstyle_circle navpos_outside\">\t<article class=\"w-grid-item post-251 attachment type-attachment status-inherit hentry\" data-id=\"251\">\r\n\t\t<div class=\"w-grid-item-h\">\r\n\t\t\t\t\t\t<div class=\"w-post-elm post_image usg_post_image_1 stretched\"><img width=\"2048\" height=\"1365\" src=\"https:\/\/notariuszpruszkow.waw.pl\/wp-content\/uploads\/2022\/11\/AGS_czynnosci_1.jpg\" class=\"attachment-us_600_600_crop size-us_600_600_crop\" alt=\"\" decoding=\"async\" loading=\"lazy\" srcset=\"https:\/\/notariuszpruszkow.waw.pl\/wp-content\/uploads\/2022\/11\/AGS_czynnosci_1.jpg 2048w, https:\/\/notariuszpruszkow.waw.pl\/wp-content\/uploads\/2022\/11\/AGS_czynnosci_1-300x200.jpg 300w, https:\/\/notariuszpruszkow.waw.pl\/wp-content\/uploads\/2022\/11\/AGS_czynnosci_1-1024x683.jpg 1024w\" sizes=\"(max-width: 2048px) 100vw, 2048px\" \/><\/div>\t\t<\/div>\r\n\t<\/article>\r\n\t<article class=\"w-grid-item post-249 attachment type-attachment status-inherit hentry\" data-id=\"249\">\r\n\t\t<div class=\"w-grid-item-h\">\r\n\t\t\t\t\t\t<div class=\"w-post-elm post_image usg_post_image_1 stretched\"><img width=\"2048\" height=\"1365\" src=\"https:\/\/notariuszpruszkow.waw.pl\/wp-content\/uploads\/2022\/11\/AGS_czynnosci_2.jpg\" class=\"attachment-us_600_600_crop size-us_600_600_crop\" alt=\"\" decoding=\"async\" loading=\"lazy\" srcset=\"https:\/\/notariuszpruszkow.waw.pl\/wp-content\/uploads\/2022\/11\/AGS_czynnosci_2.jpg 2048w, https:\/\/notariuszpruszkow.waw.pl\/wp-content\/uploads\/2022\/11\/AGS_czynnosci_2-300x200.jpg 300w, https:\/\/notariuszpruszkow.waw.pl\/wp-content\/uploads\/2022\/11\/AGS_czynnosci_2-1024x683.jpg 1024w\" sizes=\"(max-width: 2048px) 100vw, 2048px\" \/><\/div>\t\t<\/div>\r\n\t<\/article>\r\n\t<article class=\"w-grid-item post-247 attachment type-attachment status-inherit hentry\" data-id=\"247\">\r\n\t\t<div class=\"w-grid-item-h\">\r\n\t\t\t\t\t\t<div class=\"w-post-elm post_image usg_post_image_1 stretched\"><img width=\"2048\" height=\"1365\" src=\"https:\/\/notariuszpruszkow.waw.pl\/wp-content\/uploads\/2022\/11\/AGS_czynnosci_3.jpg\" class=\"attachment-us_600_600_crop size-us_600_600_crop\" alt=\"\" decoding=\"async\" loading=\"lazy\" srcset=\"https:\/\/notariuszpruszkow.waw.pl\/wp-content\/uploads\/2022\/11\/AGS_czynnosci_3.jpg 2048w, https:\/\/notariuszpruszkow.waw.pl\/wp-content\/uploads\/2022\/11\/AGS_czynnosci_3-300x200.jpg 300w, https:\/\/notariuszpruszkow.waw.pl\/wp-content\/uploads\/2022\/11\/AGS_czynnosci_3-1024x683.jpg 1024w\" sizes=\"(max-width: 2048px) 100vw, 2048px\" \/><\/div>\t\t<\/div>\r\n\t<\/article>\r\n<\/div><div class=\"g-preloader type_1\">\r\n\t<div><\/div>\r\n<\/div>\r\n\t<div class=\"w-grid-json hidden\" onclick='return {&quot;action&quot;:&quot;us_ajax_grid&quot;,&quot;ajax_url&quot;:&quot;https:\\\/\\\/notariuszpruszkow.waw.pl\\\/wp-admin\\\/admin-ajax.php&quot;,&quot;infinite_scroll&quot;:0,&quot;max_num_pages&quot;:1,&quot;pagination&quot;:&quot;none&quot;,&quot;permalink_url&quot;:&quot;https:\\\/\\\/notariuszpruszkow.waw.pl\\\/en\\\/wp-json\\\/wp\\\/v2\\\/pages\\\/272\\\/&quot;,&quot;template_vars&quot;:{&quot;columns&quot;:&quot;3&quot;,&quot;exclude_items&quot;:&quot;none&quot;,&quot;img_size&quot;:&quot;default&quot;,&quot;ignore_items_size&quot;:0,&quot;items_layout&quot;:&quot;gallery_default&quot;,&quot;items_offset&quot;:&quot;1&quot;,&quot;load_animation&quot;:&quot;none&quot;,&quot;overriding_link&quot;:&quot;none&quot;,&quot;post_id&quot;:272,&quot;query_args&quot;:{&quot;post_type&quot;:[&quot;attachment&quot;],&quot;post__in&quot;:[&quot;199&quot;,&quot;198&quot;,&quot;197&quot;],&quot;post_status&quot;:&quot;inherit&quot;,&quot;post_mime_type&quot;:&quot;image&quot;,&quot;posts_per_page&quot;:&quot;3&quot;},&quot;orderby_query_args&quot;:{&quot;orderby&quot;:{&quot;date&quot;:&quot;DESC&quot;}},&quot;type&quot;:&quot;carousel&quot;,&quot;us_grid_ajax_index&quot;:1,&quot;us_grid_filter_params&quot;:null,&quot;us_grid_index&quot;:1,&quot;_us_grid_post_type&quot;:&quot;attachment&quot;,&quot;lang&quot;:&quot;en&quot;},&quot;carousel_settings&quot;:{&quot;autoHeight&quot;:0,&quot;autoplay&quot;:0,&quot;carousel_fade&quot;:0,&quot;center&quot;:0,&quot;dots&quot;:0,&quot;items&quot;:&quot;3&quot;,&quot;loop&quot;:false,&quot;nav&quot;:0,&quot;slideby&quot;:&quot;1&quot;,&quot;smooth_play&quot;:0,&quot;speed&quot;:250,&quot;timeout&quot;:3000,&quot;transition&quot;:&quot;&quot;},&quot;carousel_breakpoints&quot;:{&quot;0&quot;:{&quot;autoHeight&quot;:0,&quot;autoplay&quot;:1,&quot;autoplayHoverPause&quot;:1,&quot;items&quot;:1,&quot;loop&quot;:true,&quot;stagePadding&quot;:0},&quot;600&quot;:{&quot;autoHeight&quot;:0,&quot;autoplay&quot;:1,&quot;autoplayHoverPause&quot;:1,&quot;items&quot;:2,&quot;loop&quot;:false,&quot;stagePadding&quot;:0},&quot;900&quot;:{&quot;autoHeight&quot;:0,&quot;autoplay&quot;:1,&quot;autoplayHoverPause&quot;:1,&quot;items&quot;:3,&quot;loop&quot;:false,&quot;stagePadding&quot;:0},&quot;1200&quot;:{&quot;items&quot;:3,&quot;stagePadding&quot;:0}}}'><\/div>\r\n\t<\/div><div class=\"w-separator size_medium with_line width_default thick_1 style_solid color_border align_center with_text with_content\"><div class=\"w-separator-h\"><h6 class=\"w-separator-text\"><span>\u00a7<\/span><\/h6><\/div><\/div><\/div><\/div><\/div><\/div><\/section><section class=\"l-section wpb_row us_custom_5cd26a65 height_medium\"><div class=\"l-section-h i-cf\"><div class=\"g-cols vc_row via_grid cols_1 laptops-cols_inherit tablets-cols_inherit mobiles-cols_1 valign_top type_default stacking_default\"><div class=\"wpb_column vc_column_container\"><div class=\"vc_column-inner\"><div class=\"wpb_text_column\"><div class=\"wpb_wrapper\"><p><strong>Notariusz \u2013 zgodnie z art. 79 ustawy z dnia 14.02.1991 r. Prawo o notariacie [dalej: \u201eUstawa\u201d] \u2013 dokonuje nast\u0119puj\u0105cych czynno\u015bci:<\/strong><\/p>\n<ol>\n<li>sporz\u0105dza \u2013 je\u017celi wymaga tego przepis prawa lub taka jest wola stron \u2013 akty notarialne obejmuj\u0105ce:\n<ul style=\"list-style-type: disc;\">\n<li>umowy sprzeda\u017cy, darowizny, zamiany, zniesienia wsp\u00f3\u0142w\u0142asno\u015bci\/wsp\u00f3lno\u015bci, o dzia\u0142 spadku, o do\u017cywocie, przedwst\u0119pne, maj\u0105ce za przedmiot w szczeg\u00f3lno\u015bci nieruchomo\u015bci gruntowe, lokalowe, sp\u00f3\u0142dzielcze w\u0142asno\u015bciowe prawa do lokali lub prawa u\u017cytkowania wieczystego;<\/li>\n<li>warunkowe umowy sprzeda\u017cy i umowy przenosz\u0105ce w\u0142asno\u015b\u0107;<\/li>\n<li>umowy deweloperskie;<\/li>\n<li>umowy ustanowienia odr\u0119bnej w\u0142asno\u015bci lokali, podzia\u0142u lokali, \u0142\u0105czenia lokali;<\/li>\n<li>umowy maj\u0105tkowe ma\u0142\u017ce\u0144skie;<\/li>\n<li>umowy o podzia\u0142 maj\u0105tku wsp\u00f3lnego;<\/li>\n<li>umowy sp\u00f3\u0142ek;<\/li>\n<li>o\u015bwiadczenia o poddaniu egzekucji w trybie art. 777 Kodeksu post\u0119powania cywilnego;<\/li>\n<li>o\u015bwiadczenia o poddaniu egzekucji z umowy najmu okazjonalnego\/instytucjonalnego;<\/li>\n<li>umowy\/o\u015bwiadczenia o ustanowieniu hipoteki;<\/li>\n<li>umowy\/o\u015bwiadczenia o ustanowieniu s\u0142u\u017cebno\u015bci gruntowych i osobistych, albo u\u017cytkowania,<\/li>\n<li>testamenty, testamenty z zapisem zwyk\u0142ym, poleceniem, testamenty z zapisem windykacyjnym, kt\u00f3re mog\u0105 by\u0107 \u2013 na \u017c\u0105danie strony \u2013 zarejestrowane w Notarialnym Rejestrze Testament\u00f3w (NORT);<\/li>\n<li>pe\u0142nomocnictwa;<\/li>\n<\/ul>\n<\/li>\n<li>sporz\u0105dza akty po\u015bwiadczenia dziedziczenia,<\/li>\n<li>podejmuje czynno\u015bci dotycz\u0105ce europejskiego po\u015bwiadczenia spadkowego,<\/li>\n<li>podejmuje czynno\u015bci zwi\u0105zane z zarz\u0105dem sukcesyjnym przedsi\u0119biorstwem osoby fizycznej i z tymczasowym przedstawicielem w zakresie udzia\u0142u ma\u0142\u017conka przedsi\u0119biorcy w przedsi\u0119biorstwie, na zasadach okre\u015blonych w ustawie z dnia 5 lipca 2018 r. o zarz\u0105dzie sukcesyjnym przedsi\u0119biorstwem osoby fizycznej i innych u\u0142atwieniach zwi\u0105zanych z sukcesj\u0105 przedsi\u0119biorstw,<\/li>\n<li>sporz\u0105dza po\u015bwiadczenia, w tym:\n<ul style=\"list-style-type: disc;\">\n<li>w\u0142asnor\u0119czno\u015bci podpisu\/uznania podpisu za w\u0142asnor\u0119czny;<\/li>\n<li>zgodno\u015bci odpisu, wyci\u0105gu lub kopii z okazanym dokumentem;<\/li>\n<li>dat\u0119 okazania dokumentu, tzw. dat\u0119 pewn\u0105;<\/li>\n<li>pozostawanie osoby przy \u017cyciu lub w okre\u015blonym miejscu;<\/li>\n<\/ul>\n<\/li>\n<li>spisuje protoko\u0142y, w tym:\n<ul style=\"list-style-type: disc;\">\n<li>protoko\u0142y walnych zgromadze\u0144 organizacji spo\u0142ecznych, stowarzysze\u0144, sp\u00f3\u0142dzielni, wsp\u00f3lnot mieszkaniowych, sp\u00f3\u0142ek i innych os\u00f3b prawnych w przypadkach prawem przewidzianych;<\/li>\n<li>protoko\u0142y ze zgromadze\u0144 wsp\u00f3lnik\u00f3w sp\u00f3\u0142ek z ograniczon\u0105 odpowiedzialno\u015bci\u0105 i wlanych zgromadze\u0144 akcjonariuszy sp\u00f3\u0142ek akcyjnych i komandytowo-akcyjnych;<\/li>\n<li>protoko\u0142y z zebrania wsp\u00f3lnik\u00f3w pozosta\u0142ych sp\u00f3\u0142ek osobowych;<\/li>\n<li>protoko\u0142y dziedziczenia;<\/li>\n<li>protoko\u0142y z przyj\u0119cia\/odrzucenia spadku,<\/li>\n<li>protoko\u0142y spisywane na \u017c\u0105danie stron w celu stwierdzenia zdarze\u0144 wywo\u0142uj\u0105cych skutki prawne, takich jak stawiennictwo lub niestawiennictwo stron, otwarcie strony internetowej, itp.,<\/li>\n<li>sporz\u0105dza protesty weksli i czek\u00f3w,<\/li>\n<\/ul>\n<\/li>\n<li>sporz\u0105dza protesty weksli i czek\u00f3w,<\/li>\n<li>przyjmuje na przechowanie pieni\u0105dze, papiery warto\u015bciowe, dokumenty, dane na informatycznym no\u015bniku danych, o kt\u00f3rym mowa w przepisach o informatyzacji dzia\u0142alno\u015bci podmiot\u00f3w realizuj\u0105cych zadania publiczne,<\/li>\n<li>sporz\u0105dza wypisy, odpisy i wyci\u0105gi dokument\u00f3w,<\/li>\n<li>sporz\u0105dza, na \u017c\u0105danie stron, projekty akt\u00f3w, o\u015bwiadcze\u0144 i innych dokument\u00f3w,<\/li>\n<li>sk\u0142ada wnioski o wpis w ksi\u0119dze wieczystej wraz z dokumentami stanowi\u0105cymi podstaw\u0119 wpisu w ksi\u0119dze wieczystej,<\/li>\n<li>sporz\u0105dza inne czynno\u015bci wynikaj\u0105ce z odr\u0119bnych przepis\u00f3w.<\/li>\n<\/ol>\n<p>Czynno\u015bci notarialne polegaj\u0105ce na po\u015bwiadczeniach wymienionych w pkt 5 powy\u017cej dokonywane s\u0105 co do zasady \u201eod r\u0119ki\u201d bez konieczno\u015bci wcze\u015bniejszej rezerwacji terminu. W zakresie pozosta\u0142ych czynno\u015bci prosimy o kontakt (telefoniczny lub e-mailowy) w celu um\u00f3wienia terminu i ustalenia zakresu dokument\u00f3w, jakie nale\u017cy zgromadzi\u0107 przed przyst\u0105pieniem do czynno\u015bci.<\/p>\n<\/div><\/div><\/div><\/div><\/div><\/div><\/section>\n","protected":false},"excerpt":{"rendered":"","protected":false},"author":1,"featured_media":0,"parent":0,"menu_order":0,"comment_status":"closed","ping_status":"closed","template":"","meta":{"_mi_skip_tracking":false},"yoast_head":"<!-- This site is optimized with the Yoast SEO Premium plugin v19.5 (Yoast SEO v19.14) - https:\/\/yoast.com\/wordpress\/plugins\/seo\/ -->\n<title>Czynno\u015bci - Kancelaria Notarialna Anita Gadacz-Skiba<\/title>\n<meta name=\"robots\" content=\"index, follow, max-snippet:-1, max-image-preview:large, max-video-preview:-1\" \/>\n<link rel=\"canonical\" href=\"https:\/\/notariuszpruszkow.waw.pl\/en\/notary-activities\/\" \/>\n<meta property=\"og:locale\" content=\"en_US\" \/>\n<meta property=\"og:type\" content=\"article\" \/>\n<meta property=\"og:title\" content=\"Czynno\u015bci\" \/>\n<meta property=\"og:url\" content=\"https:\/\/notariuszpruszkow.waw.pl\/en\/notary-activities\/\" \/>\n<meta property=\"og:site_name\" content=\"Kancelaria Notarialna Anita Gadacz-Skiba\" \/>\n<meta property=\"article:modified_time\" content=\"2023-01-11T08:02:53+00:00\" \/>\n<meta name=\"twitter:card\" content=\"summary_large_image\" \/>\n<meta name=\"twitter:label1\" content=\"Est. reading time\" \/>\n\t<meta name=\"twitter:data1\" content=\"4 minutes\" \/>\n<script type=\"application\/ld+json\" class=\"yoast-schema-graph\">{\"@context\":\"https:\/\/schema.org\",\"@graph\":[{\"@type\":\"WebPage\",\"@id\":\"https:\/\/notariuszpruszkow.waw.pl\/en\/notary-activities\/\",\"url\":\"https:\/\/notariuszpruszkow.waw.pl\/en\/notary-activities\/\",\"name\":\"Czynno\u015bci - Kancelaria Notarialna Anita Gadacz-Skiba\",\"isPartOf\":{\"@id\":\"https:\/\/notariuszpruszkow.waw.pl\/#website\"},\"datePublished\":\"2022-11-07T17:56:27+00:00\",\"dateModified\":\"2023-01-11T08:02:53+00:00\",\"breadcrumb\":{\"@id\":\"https:\/\/notariuszpruszkow.waw.pl\/en\/notary-activities\/#breadcrumb\"},\"inLanguage\":\"en-US\",\"potentialAction\":[{\"@type\":\"ReadAction\",\"target\":[\"https:\/\/notariuszpruszkow.waw.pl\/en\/notary-activities\/\"]}]},{\"@type\":\"BreadcrumbList\",\"@id\":\"https:\/\/notariuszpruszkow.waw.pl\/en\/notary-activities\/#breadcrumb\",\"itemListElement\":[{\"@type\":\"ListItem\",\"position\":1,\"name\":\"Strona g\u0142\u00f3wna\",\"item\":\"https:\/\/notariuszpruszkow.waw.pl\/en\/\"},{\"@type\":\"ListItem\",\"position\":2,\"name\":\"Czynno\u015bci\"}]},{\"@type\":\"WebSite\",\"@id\":\"https:\/\/notariuszpruszkow.waw.pl\/#website\",\"url\":\"https:\/\/notariuszpruszkow.waw.pl\/\",\"name\":\"Kancelaria Notarialna Anita Gadacz-Skiba\",\"description\":\"Kancelaria w Pruszkowie\",\"publisher\":{\"@id\":\"https:\/\/notariuszpruszkow.waw.pl\/#organization\"},\"alternateName\":\"Notariusz w Pruszkowie\",\"potentialAction\":[{\"@type\":\"SearchAction\",\"target\":{\"@type\":\"EntryPoint\",\"urlTemplate\":\"https:\/\/notariuszpruszkow.waw.pl\/?s={search_term_string}\"},\"query-input\":\"required name=search_term_string\"}],\"inLanguage\":\"en-US\"},{\"@type\":\"Organization\",\"@id\":\"https:\/\/notariuszpruszkow.waw.pl\/#organization\",\"name\":\"Kancelaria Notarialna Anita Gadacz-Skiba\",\"url\":\"https:\/\/notariuszpruszkow.waw.pl\/\",\"logo\":{\"@type\":\"ImageObject\",\"inLanguage\":\"en-US\",\"@id\":\"https:\/\/notariuszpruszkow.waw.pl\/#\/schema\/logo\/image\/\",\"url\":\"https:\/\/notariuszpruszkow.waw.pl\/wp-content\/uploads\/2022\/11\/logo-black.png\",\"contentUrl\":\"https:\/\/notariuszpruszkow.waw.pl\/wp-content\/uploads\/2022\/11\/logo-black.png\",\"width\":2084,\"height\":605,\"caption\":\"Kancelaria Notarialna Anita Gadacz-Skiba\"},\"image\":{\"@id\":\"https:\/\/notariuszpruszkow.waw.pl\/#\/schema\/logo\/image\/\"}}]}<\/script>\n<!-- \/ Yoast SEO Premium plugin. -->","yoast_head_json":{"title":"Czynno\u015bci - Kancelaria Notarialna Anita Gadacz-Skiba","robots":{"index":"index","follow":"follow","max-snippet":"max-snippet:-1","max-image-preview":"max-image-preview:large","max-video-preview":"max-video-preview:-1"},"canonical":"https:\/\/notariuszpruszkow.waw.pl\/en\/notary-activities\/","og_locale":"en_US","og_type":"article","og_title":"Czynno\u015bci","og_url":"https:\/\/notariuszpruszkow.waw.pl\/en\/notary-activities\/","og_site_name":"Kancelaria Notarialna Anita Gadacz-Skiba","article_modified_time":"2023-01-11T08:02:53+00:00","twitter_card":"summary_large_image","twitter_misc":{"Est. reading time":"4 minutes"},"schema":{"@context":"https:\/\/schema.org","@graph":[{"@type":"WebPage","@id":"https:\/\/notariuszpruszkow.waw.pl\/en\/notary-activities\/","url":"https:\/\/notariuszpruszkow.waw.pl\/en\/notary-activities\/","name":"Czynno\u015bci - Kancelaria Notarialna Anita Gadacz-Skiba","isPartOf":{"@id":"https:\/\/notariuszpruszkow.waw.pl\/#website"},"datePublished":"2022-11-07T17:56:27+00:00","dateModified":"2023-01-11T08:02:53+00:00","breadcrumb":{"@id":"https:\/\/notariuszpruszkow.waw.pl\/en\/notary-activities\/#breadcrumb"},"inLanguage":"en-US","potentialAction":[{"@type":"ReadAction","target":["https:\/\/notariuszpruszkow.waw.pl\/en\/notary-activities\/"]}]},{"@type":"BreadcrumbList","@id":"https:\/\/notariuszpruszkow.waw.pl\/en\/notary-activities\/#breadcrumb","itemListElement":[{"@type":"ListItem","position":1,"name":"Strona g\u0142\u00f3wna","item":"https:\/\/notariuszpruszkow.waw.pl\/en\/"},{"@type":"ListItem","position":2,"name":"Czynno\u015bci"}]},{"@type":"WebSite","@id":"https:\/\/notariuszpruszkow.waw.pl\/#website","url":"https:\/\/notariuszpruszkow.waw.pl\/","name":"Kancelaria Notarialna Anita Gadacz-Skiba","description":"Kancelaria w Pruszkowie","publisher":{"@id":"https:\/\/notariuszpruszkow.waw.pl\/#organization"},"alternateName":"Notariusz w Pruszkowie","potentialAction":[{"@type":"SearchAction","target":{"@type":"EntryPoint","urlTemplate":"https:\/\/notariuszpruszkow.waw.pl\/?s={search_term_string}"},"query-input":"required name=search_term_string"}],"inLanguage":"en-US"},{"@type":"Organization","@id":"https:\/\/notariuszpruszkow.waw.pl\/#organization","name":"Kancelaria Notarialna Anita Gadacz-Skiba","url":"https:\/\/notariuszpruszkow.waw.pl\/","logo":{"@type":"ImageObject","inLanguage":"en-US","@id":"https:\/\/notariuszpruszkow.waw.pl\/#\/schema\/logo\/image\/","url":"https:\/\/notariuszpruszkow.waw.pl\/wp-content\/uploads\/2022\/11\/logo-black.png","contentUrl":"https:\/\/notariuszpruszkow.waw.pl\/wp-content\/uploads\/2022\/11\/logo-black.png","width":2084,"height":605,"caption":"Kancelaria Notarialna Anita Gadacz-Skiba"},"image":{"@id":"https:\/\/notariuszpruszkow.waw.pl\/#\/schema\/logo\/image\/"}}]}},"_links":{"self":[{"href":"https:\/\/notariuszpruszkow.waw.pl\/en\/wp-json\/wp\/v2\/pages\/272"}],"collection":[{"href":"https:\/\/notariuszpruszkow.waw.pl\/en\/wp-json\/wp\/v2\/pages"}],"about":[{"href":"https:\/\/notariuszpruszkow.waw.pl\/en\/wp-json\/wp\/v2\/types\/page"}],"author":[{"embeddable":true,"href":"https:\/\/notariuszpruszkow.waw.pl\/en\/wp-json\/wp\/v2\/users\/1"}],"replies":[{"embeddable":true,"href":"https:\/\/notariuszpruszkow.waw.pl\/en\/wp-json\/wp\/v2\/comments?post=272"}],"version-history":[{"count":1,"href":"https:\/\/notariuszpruszkow.waw.pl\/en\/wp-json\/wp\/v2\/pages\/272\/revisions"}],"predecessor-version":[{"id":408,"href":"https:\/\/notariuszpruszkow.waw.pl\/en\/wp-json\/wp\/v2\/pages\/272\/revisions\/408"}],"wp:attachment":[{"href":"https:\/\/notariuszpruszkow.waw.pl\/en\/wp-json\/wp\/v2\/media?parent=272"}],"curies":[{"name":"wp","href":"https:\/\/api.w.org\/{rel}","templated":true}]}}