{"id":273,"date":"2022-11-07T17:49:34","date_gmt":"2022-11-07T17:49:34","guid":{"rendered":"https:\/\/notariuszpruszkow.waw.pl\/kn\/"},"modified":"2022-11-07T17:49:34","modified_gmt":"2022-11-07T17:49:34","slug":"kn","status":"publish","type":"page","link":"https:\/\/notariuszpruszkow.waw.pl\/en\/kn\/","title":{"rendered":"Kancelaria Notarialna Anita Gadacz-Skiba"},"content":{"rendered":"<section class=\"l-section wpb_row us_custom_8535c5f4 height_medium\"><div class=\"l-section-h i-cf\"><div class=\"g-cols vc_row via_grid cols_1 laptops-cols_inherit tablets-cols_inherit mobiles-cols_1 valign_top type_default stacking_default\"><div class=\"wpb_column vc_column_container\"><div class=\"vc_column-inner\"><div class=\"wpb_text_column\"><div class=\"wpb_wrapper\"><h3 style=\"text-align: center;\"><strong>Witamy na stronie Kancelarii Notarialnej<\/strong><\/h3>\n<h3 style=\"text-align: center;\"><strong>Anita Gadacz-Skiba<\/strong><\/h3>\n<\/div><\/div><div class=\"w-separator size_medium with_line width_default thick_1 style_solid color_border align_center with_text with_content\"><div class=\"w-separator-h\"><h6 class=\"w-separator-text\"><span>\u00a7<\/span><\/h6><\/div><\/div><\/div><\/div><\/div><\/div><\/section><section class=\"l-section wpb_row us_custom_fdcab3db height_medium\"><div class=\"l-section-h i-cf\"><div class=\"g-cols vc_row via_grid cols_1 laptops-cols_inherit tablets-cols_inherit mobiles-cols_1 valign_top type_default stacking_default\"><div class=\"wpb_column vc_column_container\"><div class=\"vc_column-inner\"><div class=\"wpb_text_column\"><div class=\"wpb_wrapper\"><p style=\"text-align: justify;\">Kancelaria mie\u015bci si\u0119 w centrum Pruszkowa przy ulicy Ko\u015bciuszki 28 lok. 23\/4 i czynna jest od poniedzia\u0142ku do pi\u0105tku w godzinach 10:00 \u2013 18:00, dodatkowo wybrane soboty w godzinach 10:00-13:00, przy czym istnieje mo\u017cliwo\u015b\u0107 dokonania czynno\u015bci notarialnej w innym terminie.<\/p>\n<p style=\"text-align: justify;\">Budynek przystosowany jest do obs\u0142ugi os\u00f3b poruszaj\u0105cych si\u0119 na w\u00f3zkach i wyposa\u017cony jest w du\u017c\u0105 wind\u0119. Lokal usytuowany jest na pierwszym pi\u0119trze tu\u017c nad Cukierni\u0105 Sowa.<\/p>\n<p style=\"text-align: justify;\">Do\u015bwiadczenie i kompetencje Notariusza daj\u0105 gwarancj\u0119, \u017ce czynno\u015bci notarialne dokonywane s\u0105 z nale\u017cyt\u0105 staranno\u015bci\u0105 oraz dba\u0142o\u015bci\u0105 o zabezpieczenie praw i s\u0142usznych interes\u00f3w stron oraz innych os\u00f3b, dla kt\u00f3rych czynno\u015bci notarialne mog\u0105 powodowa\u0107 skutki prawne.<\/p>\n<p style=\"text-align: justify;\">Klienci Kancelarii maj\u0105 mo\u017cliwo\u015b\u0107 zaparkowania samochodu bezpo\u015brednio przed budynkiem, jak i na s\u0105siednich ulicach, gdzie znajduj\u0105 si\u0119 liczne miejsca parkingowe.<\/p>\n<\/div><\/div><div class=\"w-separator size_small\"><\/div><div class=\"w-grid type_carousel layout_gallery_default cols_3 valign_center\" id=\"us_grid_1\"><style>#us_grid_1 .w-grid-item{padding:1.5rem}#us_grid_1 .w-grid-list{margin:-1.5rem}.w-grid + #us_grid_1 .w-grid-list,.w-grid-none + #us_grid_1 .w-grid-list{margin-top:1.5rem}.layout_gallery_default .w-grid-item-h{}<\/style><div class=\"w-grid-list owl-carousel navstyle_circle navpos_outside\">\t<article class=\"w-grid-item post-263 attachment type-attachment status-inherit hentry\" data-id=\"263\">\r\n\t\t<div class=\"w-grid-item-h\">\r\n\t\t\t\t\t\t<div class=\"w-post-elm post_image usg_post_image_1 stretched\"><img width=\"1366\" height=\"1366\" src=\"https:\/\/notariuszpruszkow.waw.pl\/wp-content\/uploads\/2022\/11\/Kancelaria5-min-1.jpg\" class=\"attachment-us_600_600_crop size-us_600_600_crop\" alt=\"\" decoding=\"async\" loading=\"lazy\" srcset=\"https:\/\/notariuszpruszkow.waw.pl\/wp-content\/uploads\/2022\/11\/Kancelaria5-min-1.jpg 1366w, https:\/\/notariuszpruszkow.waw.pl\/wp-content\/uploads\/2022\/11\/Kancelaria5-min-1-300x300.jpg 300w, https:\/\/notariuszpruszkow.waw.pl\/wp-content\/uploads\/2022\/11\/Kancelaria5-min-1-1024x1024.jpg 1024w, https:\/\/notariuszpruszkow.waw.pl\/wp-content\/uploads\/2022\/11\/Kancelaria5-min-1-150x150.jpg 150w\" sizes=\"(max-width: 1366px) 100vw, 1366px\" \/><\/div>\t\t<\/div>\r\n\t<\/article>\r\n\t<article class=\"w-grid-item post-257 attachment type-attachment status-inherit hentry\" data-id=\"257\">\r\n\t\t<div class=\"w-grid-item-h\">\r\n\t\t\t\t\t\t<div class=\"w-post-elm post_image usg_post_image_1 stretched\"><img width=\"1333\" height=\"1333\" src=\"https:\/\/notariuszpruszkow.waw.pl\/wp-content\/uploads\/2022\/11\/Kancelaria2-min-1.jpg\" class=\"attachment-us_600_600_crop size-us_600_600_crop\" alt=\"\" decoding=\"async\" loading=\"lazy\" srcset=\"https:\/\/notariuszpruszkow.waw.pl\/wp-content\/uploads\/2022\/11\/Kancelaria2-min-1.jpg 1333w, https:\/\/notariuszpruszkow.waw.pl\/wp-content\/uploads\/2022\/11\/Kancelaria2-min-1-300x300.jpg 300w, https:\/\/notariuszpruszkow.waw.pl\/wp-content\/uploads\/2022\/11\/Kancelaria2-min-1-1024x1024.jpg 1024w, https:\/\/notariuszpruszkow.waw.pl\/wp-content\/uploads\/2022\/11\/Kancelaria2-min-1-150x150.jpg 150w\" sizes=\"(max-width: 1333px) 100vw, 1333px\" \/><\/div>\t\t<\/div>\r\n\t<\/article>\r\n\t<article class=\"w-grid-item post-255 attachment type-attachment status-inherit hentry\" data-id=\"255\">\r\n\t\t<div class=\"w-grid-item-h\">\r\n\t\t\t\t\t\t<div class=\"w-post-elm post_image usg_post_image_1 stretched\"><img width=\"1512\" height=\"1512\" src=\"https:\/\/notariuszpruszkow.waw.pl\/wp-content\/uploads\/2022\/11\/Kancelaria1-min-1.jpg\" class=\"attachment-us_600_600_crop size-us_600_600_crop\" alt=\"\" decoding=\"async\" loading=\"lazy\" srcset=\"https:\/\/notariuszpruszkow.waw.pl\/wp-content\/uploads\/2022\/11\/Kancelaria1-min-1.jpg 1512w, https:\/\/notariuszpruszkow.waw.pl\/wp-content\/uploads\/2022\/11\/Kancelaria1-min-1-300x300.jpg 300w, https:\/\/notariuszpruszkow.waw.pl\/wp-content\/uploads\/2022\/11\/Kancelaria1-min-1-1024x1024.jpg 1024w, https:\/\/notariuszpruszkow.waw.pl\/wp-content\/uploads\/2022\/11\/Kancelaria1-min-1-150x150.jpg 150w\" sizes=\"(max-width: 1512px) 100vw, 1512px\" \/><\/div>\t\t<\/div>\r\n\t<\/article>\r\n<\/div><div class=\"g-preloader type_1\">\r\n\t<div><\/div>\r\n<\/div>\r\n\t<div class=\"w-grid-json hidden\" onclick='return {&quot;action&quot;:&quot;us_ajax_grid&quot;,&quot;ajax_url&quot;:&quot;https:\\\/\\\/notariuszpruszkow.waw.pl\\\/wp-admin\\\/admin-ajax.php&quot;,&quot;infinite_scroll&quot;:0,&quot;max_num_pages&quot;:1,&quot;pagination&quot;:&quot;none&quot;,&quot;permalink_url&quot;:&quot;https:\\\/\\\/notariuszpruszkow.waw.pl\\\/en\\\/wp-json\\\/wp\\\/v2\\\/pages\\\/273\\\/&quot;,&quot;template_vars&quot;:{&quot;columns&quot;:&quot;3&quot;,&quot;exclude_items&quot;:&quot;none&quot;,&quot;img_size&quot;:&quot;default&quot;,&quot;ignore_items_size&quot;:0,&quot;items_layout&quot;:&quot;gallery_default&quot;,&quot;items_offset&quot;:&quot;1&quot;,&quot;load_animation&quot;:&quot;none&quot;,&quot;overriding_link&quot;:&quot;none&quot;,&quot;post_id&quot;:273,&quot;query_args&quot;:{&quot;post_type&quot;:[&quot;attachment&quot;],&quot;post__in&quot;:[&quot;206&quot;,&quot;210&quot;,&quot;207&quot;],&quot;post_status&quot;:&quot;inherit&quot;,&quot;post_mime_type&quot;:&quot;image&quot;,&quot;posts_per_page&quot;:&quot;10&quot;},&quot;orderby_query_args&quot;:{&quot;orderby&quot;:{&quot;date&quot;:&quot;DESC&quot;}},&quot;type&quot;:&quot;carousel&quot;,&quot;us_grid_ajax_index&quot;:1,&quot;us_grid_filter_params&quot;:null,&quot;us_grid_index&quot;:1,&quot;_us_grid_post_type&quot;:&quot;attachment&quot;,&quot;lang&quot;:&quot;en&quot;},&quot;carousel_settings&quot;:{&quot;autoHeight&quot;:0,&quot;autoplay&quot;:0,&quot;carousel_fade&quot;:0,&quot;center&quot;:0,&quot;dots&quot;:0,&quot;items&quot;:&quot;3&quot;,&quot;loop&quot;:false,&quot;nav&quot;:0,&quot;slideby&quot;:&quot;1&quot;,&quot;smooth_play&quot;:0,&quot;speed&quot;:900,&quot;timeout&quot;:3000,&quot;transition&quot;:&quot;&quot;},&quot;carousel_breakpoints&quot;:{&quot;0&quot;:{&quot;autoHeight&quot;:0,&quot;autoplay&quot;:1,&quot;autoplayHoverPause&quot;:1,&quot;items&quot;:1,&quot;loop&quot;:true,&quot;stagePadding&quot;:0},&quot;600&quot;:{&quot;autoHeight&quot;:0,&quot;autoplay&quot;:1,&quot;autoplayHoverPause&quot;:1,&quot;items&quot;:2,&quot;loop&quot;:false,&quot;stagePadding&quot;:0},&quot;900&quot;:{&quot;autoHeight&quot;:0,&quot;autoplay&quot;:1,&quot;autoplayHoverPause&quot;:1,&quot;items&quot;:3,&quot;loop&quot;:false,&quot;stagePadding&quot;:0},&quot;1200&quot;:{&quot;items&quot;:3,&quot;stagePadding&quot;:0}}}'><\/div>\r\n\t<\/div><\/div><\/div><\/div><\/div><\/section><section class=\"l-section wpb_row us_custom_fdcab3db height_medium\"><div class=\"l-section-h i-cf\"><div class=\"g-cols vc_row via_grid cols_1 laptops-cols_inherit tablets-cols_inherit mobiles-cols_1 valign_top type_default stacking_default\"><div class=\"wpb_column vc_column_container\"><div class=\"vc_column-inner\"><div class=\"w-separator size_medium with_line width_default thick_1 style_solid color_border align_center with_text with_content\"><div class=\"w-separator-h\"><h6 class=\"w-separator-text\"><span>\u00a7<\/span><\/h6><\/div><\/div><\/div><\/div><\/div><\/div><\/section><section class=\"l-section wpb_row us_custom_fdcab3db height_medium\"><div class=\"l-section-h i-cf\"><div class=\"g-cols vc_row via_grid cols_2-1 laptops-cols_inherit tablets-cols_inherit mobiles-cols_1 valign_top type_default stacking_default\"><div class=\"wpb_column vc_column_container\"><div class=\"vc_column-inner\"><div class=\"wpb_text_column\"><div class=\"wpb_wrapper\"><h5><strong>Anita Gadacz-Skiba<\/strong><br \/>\n<span style=\"font-size: 13px; font-style: italic;\">NOTARIUSZ<\/span><\/h5>\n<p>&nbsp;<\/p>\n<p>W 2022 roku Decyzj\u0105 Ministra Sprawiedliwo\u015bci Anita Gadacz-Skiba zosta\u0142a powo\u0142ana na stanowisko Notariusza w Izbie Notarialnej w Warszawie.<\/p>\n<p style=\"text-align: justify;\">Anita Gadacz-Skiba jest absolwentk\u0105 Wydzia\u0142u Prawa, Administracji i Ekonomii Uniwersytetu Wroc\u0142awskiego. W latach 2015-2018 by\u0142a aplikantk\u0105 w Krakowskiej Izbie Notarialnej. W latach 2015-2018 pracowa\u0142a na stanowisku aplikanta. W roku 2019 zosta\u0142a wpisana na list\u0119 zast\u0119pc\u00f3w notarialnych przy Warszawskiej Izbie Notarialnej i pracowa\u0142a na stanowisku zast\u0119pcy notarialnego<\/p>\n<\/div><\/div><\/div><\/div><div class=\"wpb_column vc_column_container\"><div class=\"vc_column-inner\"><div class=\"w-image us_custom_f6118dc8 align_center\"><div class=\"w-image-h\"><img width=\"1365\" height=\"2048\" src=\"https:\/\/notariuszpruszkow.waw.pl\/wp-content\/uploads\/2022\/11\/AGS_notariusz.jpg\" class=\"attachment-full size-full\" alt=\"\" decoding=\"async\" loading=\"lazy\" srcset=\"https:\/\/notariuszpruszkow.waw.pl\/wp-content\/uploads\/2022\/11\/AGS_notariusz.jpg 1365w, https:\/\/notariuszpruszkow.waw.pl\/wp-content\/uploads\/2022\/11\/AGS_notariusz-200x300.jpg 200w, https:\/\/notariuszpruszkow.waw.pl\/wp-content\/uploads\/2022\/11\/AGS_notariusz-683x1024.jpg 683w\" sizes=\"(max-width: 1365px) 100vw, 1365px\" \/><\/div><\/div><\/div><\/div><\/div><\/div><\/section><section class=\"l-section wpb_row us_custom_5cd26a65 height_medium\"><div class=\"l-section-h i-cf\"><div class=\"g-cols vc_row via_grid cols_1 laptops-cols_inherit tablets-cols_inherit mobiles-cols_1 valign_top type_default stacking_default\"><div class=\"wpb_column vc_column_container\"><div class=\"vc_column-inner\"><div class=\"w-separator size_medium with_line width_default thick_1 style_solid color_border align_center with_text with_content\"><div class=\"w-separator-h\"><h6 class=\"w-separator-text\"><span>\u00a7<\/span><\/h6><\/div><\/div><h5 class=\"w-text us_custom_7cdf484d\"><span class=\"w-text-h\"><span class=\"w-text-value\">Cz\u0119ste pytania i odpowiedzi<\/span><\/span><\/h5><div class=\"w-tabs style_default switch_click accordion type_togglable has_scrolling\" style=\"--sections-title-size:inherit\"><div class=\"w-tabs-sections titles-align_none icon_plus cpos_right\"><div class=\"w-tabs-section active\" id=\"n43f\" itemscope itemprop=\"mainEntity\" itemtype=\"https:\/\/schema.org\/Question\"><button class=\"w-tabs-section-header active\" aria-controls=\"content-n43f\" aria-expanded=\"true\"><div class=\"w-tabs-section-title\" itemprop=\"name\">CZYM ZAJMUJE SI\u0118 NOTARIUSZ?<\/div><div class=\"w-tabs-section-control\"><\/div><\/button><div  class=\"w-tabs-section-content\" id=\"content-n43f\" itemscope itemprop=\"acceptedAnswer\" itemtype=\"https:\/\/schema.org\/Answer\"><div class=\"w-tabs-section-content-h i-cf\" itemprop=\"text\"><div class=\"wpb_text_column\"><div class=\"wpb_wrapper\"><p style=\"text-align: justify;\">Notariusz dokonuje\u00a0czynno\u015bci notarialnych\u00a0(w\u00a0tym sporz\u0105dza akty notarialne, dokonuje po\u015bwiadcze\u0144 w\u0142asnor\u0119czno\u015bci podpis\u00f3w na dokumentach czy zgodno\u015bci kserokopii z\u00a0okazanymi orygina\u0142ami dokument\u00f3w), w\u00a0oparciu o\u00a0przepisy prawa i\u00a0zasady etyki zawodowej.\u00a0 Dzia\u0142a jako osoba zaufania publicznego i\u00a0wykonuje funkcj\u0119 publiczn\u0105. Czynno\u015bci notarialne dokonane przez Notariusza maj\u0105 charakter dokumentu urz\u0119dowego i\u00a0s\u0105 dokonane w\u00a0j\u0119zyku polskim.\u00a0 Notariusz zgodnie z\u00a0prawem czuwa nad nale\u017cytym zabezpieczeniem praw i\u00a0interes\u00f3w ka\u017cdej ze stron czynno\u015bci notarialnej, a w\u00a0zwi\u0105zku z\u00a0wykonywaniem czynno\u015bci notarialnych jest zobowi\u0105zany do zachowania w\u00a0tajemnicy okoliczno\u015bci sprawy.<\/p>\n<\/div><\/div><\/div><\/div><\/div><div class=\"w-tabs-section\" id=\"i828\" itemscope itemprop=\"mainEntity\" itemtype=\"https:\/\/schema.org\/Question\"><button class=\"w-tabs-section-header\" aria-controls=\"content-i828\" aria-expanded=\"false\"><div class=\"w-tabs-section-title\" itemprop=\"name\">CZYM JEST AKT NOTARIALNY?<\/div><div class=\"w-tabs-section-control\"><\/div><\/button><div  class=\"w-tabs-section-content\" id=\"content-i828\" itemscope itemprop=\"acceptedAnswer\" itemtype=\"https:\/\/schema.org\/Answer\"><div class=\"w-tabs-section-content-h i-cf\" itemprop=\"text\"><div class=\"wpb_text_column\"><div class=\"wpb_wrapper\"><p style=\"text-align: justify;\">Akt notarialny jest szczeg\u00f3ln\u0105 form\u0105 dokumentu urz\u0119dowego potwierdzaj\u0105cego dokonanie okre\u015blonej czynno\u015bci prawnej (np. zawarcie umowy sprzeda\u017cy, umowy darowizny, umowy maj\u0105tkowej ma\u0142\u017ce\u0144skiej, umowy podzia\u0142u maj\u0105tku wsp\u00f3lnego ma\u0142\u017conk\u00f3w, zawi\u0105zanie sp\u00f3\u0142ki prawa handlowego, sporz\u0105dzenie testamentu czy udzielenie pe\u0142nomocnictwa). Brak zachowania formy aktu notarialnego, w\u00a0sytuacjach zastrze\u017conych przez prawo, powoduje bezskuteczno\u015b\u0107 danej czynno\u015bci prawnej i\u00a0jej niewa\u017cno\u015b\u0107. Strony czynno\u015bci notarialnych otrzymuj\u0105 wypisy akt\u00f3w notarialnych, a\u00a0orygina\u0142y zawsze pozostaj\u0105 w\u00a0Kancelarii Notarialnej i\u00a0nie mog\u0105 by\u0107 wydawane poza miejsce ich przechowywania. Dokumenty obejmuj\u0105ce dokonane czynno\u015bci notarialne Notariusz przekazuje na przechowanie do archiwum ksi\u0105g wieczystych w\u0142a\u015bciwego s\u0105du rejonowego po up\u0142ywie 10\u00a0lat od ich sporz\u0105dzenia lub z\u00a0chwil\u0105 zaprzestania prowadzenia dzia\u0142alno\u015bci Kancelarii.<\/p>\n<\/div><\/div><\/div><\/div><\/div><div class=\"w-tabs-section\" id=\"gc00\" itemscope itemprop=\"mainEntity\" itemtype=\"https:\/\/schema.org\/Question\"><button class=\"w-tabs-section-header\" aria-controls=\"content-gc00\" aria-expanded=\"false\"><div class=\"w-tabs-section-title\" itemprop=\"name\">CO TO JEST WYPIS?<\/div><div class=\"w-tabs-section-control\"><\/div><\/button><div  class=\"w-tabs-section-content\" id=\"content-gc00\" itemscope itemprop=\"acceptedAnswer\" itemtype=\"https:\/\/schema.org\/Answer\"><div class=\"w-tabs-section-content-h i-cf\" itemprop=\"text\"><div class=\"wpb_text_column\"><div class=\"wpb_wrapper\"><p style=\"text-align: justify;\">Wypis aktu notarialnego jest wiernym &#8211; identycznym powt\u00f3rzeniem tre\u015bci orygina\u0142u i ma jego moc. Wypis aktu notarialnego wydaje si\u0119 stronom aktu lub osobom, dla kt\u00f3rych zastrze\u017cono w akcie prawo otrzymania wypisu, a tak\u017ce ich nast\u0119pcom prawnym. Za zgod\u0105 stron lub na podstawie prawomocnego postanowienia s\u0105du okr\u0119gowego, w kt\u00f3rego okr\u0119gu znajduje si\u0119 Kancelaria Notarialna danego notariusza, wypis aktu notarialnego mo\u017ce by\u0107 wydany tak\u017ce innym osobom. W nag\u0142\u00f3wku wypisu aktu notarialnego zaznacza si\u0119, \u017ce wydany dokument jest wypisem. Na ko\u0144cu wypisu zaznacza si\u0119, komu i kiedy wypis wydano. Wypis podpisuje notariusz i opatruje piecz\u0119ci\u0105. Wypis maj\u0105cy wi\u0119cej ni\u017c jeden arkusz powinien by\u0107 ponumerowany, po\u0142\u0105czony, parafowany i spojony piecz\u0119ci\u0105.<\/p>\n<\/div><\/div><\/div><\/div><\/div><\/div><\/div><\/div><\/div><\/div><\/div><\/section>\n","protected":false},"excerpt":{"rendered":"","protected":false},"author":1,"featured_media":0,"parent":0,"menu_order":0,"comment_status":"closed","ping_status":"closed","template":"","meta":{"_mi_skip_tracking":false},"yoast_head":"<!-- This site is optimized with the Yoast SEO Premium plugin v19.5 (Yoast SEO v19.14) - https:\/\/yoast.com\/wordpress\/plugins\/seo\/ -->\n<title>Kancelaria Notarialna Anita Gadacz-Skiba - Kancelaria Notarialna Anita Gadacz-Skiba<\/title>\n<meta name=\"robots\" content=\"index, follow, max-snippet:-1, max-image-preview:large, max-video-preview:-1\" \/>\n<link rel=\"canonical\" href=\"https:\/\/notariuszpruszkow.waw.pl\/en\/kn\/\" \/>\n<meta property=\"og:locale\" content=\"en_US\" \/>\n<meta property=\"og:type\" content=\"article\" \/>\n<meta property=\"og:title\" content=\"Kancelaria Notarialna Anita Gadacz-Skiba\" \/>\n<meta property=\"og:url\" content=\"https:\/\/notariuszpruszkow.waw.pl\/en\/kn\/\" \/>\n<meta property=\"og:site_name\" content=\"Kancelaria Notarialna Anita Gadacz-Skiba\" \/>\n<meta name=\"twitter:card\" content=\"summary_large_image\" \/>\n<meta name=\"twitter:label1\" content=\"Est. reading time\" \/>\n\t<meta name=\"twitter:data1\" content=\"5 minutes\" \/>\n<script type=\"application\/ld+json\" class=\"yoast-schema-graph\">{\"@context\":\"https:\/\/schema.org\",\"@graph\":[{\"@type\":\"WebPage\",\"@id\":\"https:\/\/notariuszpruszkow.waw.pl\/en\/kn\/\",\"url\":\"https:\/\/notariuszpruszkow.waw.pl\/en\/kn\/\",\"name\":\"Kancelaria Notarialna Anita Gadacz-Skiba - Kancelaria Notarialna Anita Gadacz-Skiba\",\"isPartOf\":{\"@id\":\"https:\/\/notariuszpruszkow.waw.pl\/#website\"},\"datePublished\":\"2022-11-07T17:49:34+00:00\",\"dateModified\":\"2022-11-07T17:49:34+00:00\",\"breadcrumb\":{\"@id\":\"https:\/\/notariuszpruszkow.waw.pl\/en\/kn\/#breadcrumb\"},\"inLanguage\":\"en-US\",\"potentialAction\":[{\"@type\":\"ReadAction\",\"target\":[\"https:\/\/notariuszpruszkow.waw.pl\/en\/kn\/\"]}]},{\"@type\":\"BreadcrumbList\",\"@id\":\"https:\/\/notariuszpruszkow.waw.pl\/en\/kn\/#breadcrumb\",\"itemListElement\":[{\"@type\":\"ListItem\",\"position\":1,\"name\":\"Strona g\u0142\u00f3wna\",\"item\":\"https:\/\/notariuszpruszkow.waw.pl\/en\/\"},{\"@type\":\"ListItem\",\"position\":2,\"name\":\"Kancelaria Notarialna Anita Gadacz-Skiba\"}]},{\"@type\":\"WebSite\",\"@id\":\"https:\/\/notariuszpruszkow.waw.pl\/#website\",\"url\":\"https:\/\/notariuszpruszkow.waw.pl\/\",\"name\":\"Kancelaria Notarialna Anita Gadacz-Skiba\",\"description\":\"Kancelaria w Pruszkowie\",\"publisher\":{\"@id\":\"https:\/\/notariuszpruszkow.waw.pl\/#organization\"},\"alternateName\":\"Notariusz w Pruszkowie\",\"potentialAction\":[{\"@type\":\"SearchAction\",\"target\":{\"@type\":\"EntryPoint\",\"urlTemplate\":\"https:\/\/notariuszpruszkow.waw.pl\/?s={search_term_string}\"},\"query-input\":\"required name=search_term_string\"}],\"inLanguage\":\"en-US\"},{\"@type\":\"Organization\",\"@id\":\"https:\/\/notariuszpruszkow.waw.pl\/#organization\",\"name\":\"Kancelaria Notarialna Anita Gadacz-Skiba\",\"url\":\"https:\/\/notariuszpruszkow.waw.pl\/\",\"logo\":{\"@type\":\"ImageObject\",\"inLanguage\":\"en-US\",\"@id\":\"https:\/\/notariuszpruszkow.waw.pl\/#\/schema\/logo\/image\/\",\"url\":\"https:\/\/notariuszpruszkow.waw.pl\/wp-content\/uploads\/2022\/11\/logo-black.png\",\"contentUrl\":\"https:\/\/notariuszpruszkow.waw.pl\/wp-content\/uploads\/2022\/11\/logo-black.png\",\"width\":2084,\"height\":605,\"caption\":\"Kancelaria Notarialna Anita Gadacz-Skiba\"},\"image\":{\"@id\":\"https:\/\/notariuszpruszkow.waw.pl\/#\/schema\/logo\/image\/\"}}]}<\/script>\n<!-- \/ Yoast SEO Premium plugin. -->","yoast_head_json":{"title":"Kancelaria Notarialna Anita Gadacz-Skiba - Kancelaria Notarialna Anita Gadacz-Skiba","robots":{"index":"index","follow":"follow","max-snippet":"max-snippet:-1","max-image-preview":"max-image-preview:large","max-video-preview":"max-video-preview:-1"},"canonical":"https:\/\/notariuszpruszkow.waw.pl\/en\/kn\/","og_locale":"en_US","og_type":"article","og_title":"Kancelaria Notarialna Anita Gadacz-Skiba","og_url":"https:\/\/notariuszpruszkow.waw.pl\/en\/kn\/","og_site_name":"Kancelaria Notarialna Anita Gadacz-Skiba","twitter_card":"summary_large_image","twitter_misc":{"Est. reading time":"5 minutes"},"schema":{"@context":"https:\/\/schema.org","@graph":[{"@type":"WebPage","@id":"https:\/\/notariuszpruszkow.waw.pl\/en\/kn\/","url":"https:\/\/notariuszpruszkow.waw.pl\/en\/kn\/","name":"Kancelaria Notarialna Anita Gadacz-Skiba - Kancelaria Notarialna Anita Gadacz-Skiba","isPartOf":{"@id":"https:\/\/notariuszpruszkow.waw.pl\/#website"},"datePublished":"2022-11-07T17:49:34+00:00","dateModified":"2022-11-07T17:49:34+00:00","breadcrumb":{"@id":"https:\/\/notariuszpruszkow.waw.pl\/en\/kn\/#breadcrumb"},"inLanguage":"en-US","potentialAction":[{"@type":"ReadAction","target":["https:\/\/notariuszpruszkow.waw.pl\/en\/kn\/"]}]},{"@type":"BreadcrumbList","@id":"https:\/\/notariuszpruszkow.waw.pl\/en\/kn\/#breadcrumb","itemListElement":[{"@type":"ListItem","position":1,"name":"Strona g\u0142\u00f3wna","item":"https:\/\/notariuszpruszkow.waw.pl\/en\/"},{"@type":"ListItem","position":2,"name":"Kancelaria Notarialna Anita Gadacz-Skiba"}]},{"@type":"WebSite","@id":"https:\/\/notariuszpruszkow.waw.pl\/#website","url":"https:\/\/notariuszpruszkow.waw.pl\/","name":"Kancelaria Notarialna Anita Gadacz-Skiba","description":"Kancelaria w Pruszkowie","publisher":{"@id":"https:\/\/notariuszpruszkow.waw.pl\/#organization"},"alternateName":"Notariusz w Pruszkowie","potentialAction":[{"@type":"SearchAction","target":{"@type":"EntryPoint","urlTemplate":"https:\/\/notariuszpruszkow.waw.pl\/?s={search_term_string}"},"query-input":"required name=search_term_string"}],"inLanguage":"en-US"},{"@type":"Organization","@id":"https:\/\/notariuszpruszkow.waw.pl\/#organization","name":"Kancelaria Notarialna Anita Gadacz-Skiba","url":"https:\/\/notariuszpruszkow.waw.pl\/","logo":{"@type":"ImageObject","inLanguage":"en-US","@id":"https:\/\/notariuszpruszkow.waw.pl\/#\/schema\/logo\/image\/","url":"https:\/\/notariuszpruszkow.waw.pl\/wp-content\/uploads\/2022\/11\/logo-black.png","contentUrl":"https:\/\/notariuszpruszkow.waw.pl\/wp-content\/uploads\/2022\/11\/logo-black.png","width":2084,"height":605,"caption":"Kancelaria Notarialna Anita Gadacz-Skiba"},"image":{"@id":"https:\/\/notariuszpruszkow.waw.pl\/#\/schema\/logo\/image\/"}}]}},"_links":{"self":[{"href":"https:\/\/notariuszpruszkow.waw.pl\/en\/wp-json\/wp\/v2\/pages\/273"}],"collection":[{"href":"https:\/\/notariuszpruszkow.waw.pl\/en\/wp-json\/wp\/v2\/pages"}],"about":[{"href":"https:\/\/notariuszpruszkow.waw.pl\/en\/wp-json\/wp\/v2\/types\/page"}],"author":[{"embeddable":true,"href":"https:\/\/notariuszpruszkow.waw.pl\/en\/wp-json\/wp\/v2\/users\/1"}],"replies":[{"embeddable":true,"href":"https:\/\/notariuszpruszkow.waw.pl\/en\/wp-json\/wp\/v2\/comments?post=273"}],"version-history":[{"count":0,"href":"https:\/\/notariuszpruszkow.waw.pl\/en\/wp-json\/wp\/v2\/pages\/273\/revisions"}],"wp:attachment":[{"href":"https:\/\/notariuszpruszkow.waw.pl\/en\/wp-json\/wp\/v2\/media?parent=273"}],"curies":[{"name":"wp","href":"https:\/\/api.w.org\/{rel}","templated":true}]}}