{"id":308,"date":"2022-11-07T18:56:41","date_gmt":"2022-11-07T17:56:41","guid":{"rendered":"https:\/\/notariuszpruszkow.waw.pl\/costs\/"},"modified":"2023-01-11T12:32:16","modified_gmt":"2023-01-11T11:32:16","slug":"oplaty","status":"publish","type":"page","link":"https:\/\/notariuszpruszkow.waw.pl\/en\/oplaty\/","title":{"rendered":"Costs"},"content":{"rendered":"<section class=\"l-section wpb_row us_custom_f75954c4 height_medium\"><div class=\"l-section-h i-cf\"><div class=\"g-cols vc_row via_grid cols_1 laptops-cols_inherit tablets-cols_inherit mobiles-cols_1 valign_top type_default stacking_default\"><div class=\"wpb_column vc_column_container\"><div class=\"vc_column-inner\"><div class=\"w-separator size_small with_line width_default thick_1 style_solid color_border align_left with_text with_content\"><div class=\"w-separator-h\"><h6 class=\"w-separator-text\"><span>Costs<\/span><\/h6><\/div><\/div><\/div><\/div><\/div><\/div><\/section><section class=\"l-section wpb_row us_custom_5cd26a65 height_medium\"><div class=\"l-section-h i-cf\"><div class=\"g-cols vc_row via_grid cols_1 laptops-cols_inherit tablets-cols_inherit mobiles-cols_1 valign_top type_default stacking_default\"><div class=\"wpb_column vc_column_container\"><div class=\"vc_column-inner\"><div class=\"wpb_text_column\"><div class=\"wpb_wrapper\"><p style=\"text-align: justify;\">For performing notarial actions, the notary is entitled to remuneration specified on the basis of an agreement with the parties to the action, not higher than the maximum rates of notarial fees applicable to a given activity, provided for in the Regulation of the Minister of Justice of June 28, 2004 on the maximum rates of notarial fees, increased by the tax due on goods and services (VAT) at the rate of 23%.<\/p>\n<p style=\"text-align: justify;\">The remuneration referred to above does not include travel costs and other necessary expenses incurred by the Notary Public in connection with the performance of the activities.<\/p>\n<p>The notary public &#8211; as a payer &#8211; is obliged <strong>to collect and transfer<\/strong> fees and taxes to the relevant institutions, in particular:<\/p>\n<ul>\n<li>court fee in the amounts indicated in Art. 42-48 of the Act of July 28, 2005 on court costs in civil cases,<\/li>\n<li>tax on civil law transactions in the amount resulting from the Act of September 9, 2000 on tax on civil law transactions,<\/li>\n<li>inheritance and donation tax in the amount resulting from the Act of July 28, 1983 on inheritance and donation tax.<\/li>\n<\/ul>\n<p>In order to determine the amount of remuneration and fees related to a given notarial act, please contact the Notary Public personally, by phone or e-mail.<\/p>\n<\/div><\/div><\/div><\/div><\/div><\/div><\/section>\n","protected":false},"excerpt":{"rendered":"CostsFor performing notarial actions, the notary is entitled to remuneration specified on the basis of an agreement with the parties to the action, not higher than the maximum rates of notarial fees applicable to a given activity, provided for in the Regulation of the Minister of Justice of June 28, 2004 on the maximum rates...","protected":false},"author":1,"featured_media":0,"parent":0,"menu_order":0,"comment_status":"closed","ping_status":"closed","template":"","meta":{"_mi_skip_tracking":false},"yoast_head":"<!-- This site is optimized with the Yoast SEO Premium plugin v19.5 (Yoast SEO v19.14) - https:\/\/yoast.com\/wordpress\/plugins\/seo\/ -->\n<title>Kancelaria Notarialna Anita Gadacz-Skiba<\/title>\n<meta name=\"description\" content=\"Notariusz Pruszk\u00f3w Cennik - W celu ustalenia wysoko\u015bci wynagrodzenia i op\u0142at prosimy o osobisty, telefoniczny lub e-mailowy.\" \/>\n<meta name=\"robots\" content=\"index, follow, max-snippet:-1, max-image-preview:large, max-video-preview:-1\" \/>\n<link rel=\"canonical\" href=\"https:\/\/notariuszpruszkow.waw.pl\/oplaty\/\" \/>\n<meta property=\"og:locale\" content=\"en_US\" \/>\n<meta property=\"og:type\" content=\"article\" \/>\n<meta property=\"og:title\" content=\"Costs\" \/>\n<meta property=\"og:description\" content=\"Notariusz Pruszk\u00f3w Cennik - W celu ustalenia wysoko\u015bci wynagrodzenia i op\u0142at prosimy o osobisty, telefoniczny lub e-mailowy.\" \/>\n<meta property=\"og:url\" content=\"https:\/\/notariuszpruszkow.waw.pl\/oplaty\/\" \/>\n<meta property=\"og:site_name\" content=\"Kancelaria Notarialna Anita Gadacz-Skiba\" \/>\n<meta property=\"article:modified_time\" content=\"2023-01-11T11:32:16+00:00\" \/>\n<meta name=\"twitter:card\" content=\"summary_large_image\" \/>\n<meta name=\"twitter:label1\" content=\"Est. reading time\" \/>\n\t<meta name=\"twitter:data1\" content=\"2 minutes\" \/>\n<script type=\"application\/ld+json\" class=\"yoast-schema-graph\">{\"@context\":\"https:\/\/schema.org\",\"@graph\":[{\"@type\":\"WebPage\",\"@id\":\"https:\/\/notariuszpruszkow.waw.pl\/oplaty\/\",\"url\":\"https:\/\/notariuszpruszkow.waw.pl\/oplaty\/\",\"name\":\"Kancelaria Notarialna Anita Gadacz-Skiba\",\"isPartOf\":{\"@id\":\"https:\/\/notariuszpruszkow.waw.pl\/#website\"},\"datePublished\":\"2022-11-07T17:56:41+00:00\",\"dateModified\":\"2023-01-11T11:32:16+00:00\",\"description\":\"Notariusz Pruszk\u00f3w Cennik - W celu ustalenia wysoko\u015bci wynagrodzenia i op\u0142at prosimy o osobisty, telefoniczny lub e-mailowy.\",\"breadcrumb\":{\"@id\":\"https:\/\/notariuszpruszkow.waw.pl\/oplaty\/#breadcrumb\"},\"inLanguage\":\"en-US\",\"potentialAction\":[{\"@type\":\"ReadAction\",\"target\":[\"https:\/\/notariuszpruszkow.waw.pl\/oplaty\/\"]}]},{\"@type\":\"BreadcrumbList\",\"@id\":\"https:\/\/notariuszpruszkow.waw.pl\/oplaty\/#breadcrumb\",\"itemListElement\":[{\"@type\":\"ListItem\",\"position\":1,\"name\":\"Strona g\u0142\u00f3wna\",\"item\":\"https:\/\/notariuszpruszkow.waw.pl\/en\/\"},{\"@type\":\"ListItem\",\"position\":2,\"name\":\"Costs\"}]},{\"@type\":\"WebSite\",\"@id\":\"https:\/\/notariuszpruszkow.waw.pl\/#website\",\"url\":\"https:\/\/notariuszpruszkow.waw.pl\/\",\"name\":\"Kancelaria Notarialna Anita Gadacz-Skiba\",\"description\":\"Kancelaria w Pruszkowie\",\"publisher\":{\"@id\":\"https:\/\/notariuszpruszkow.waw.pl\/#organization\"},\"alternateName\":\"Notariusz w Pruszkowie\",\"potentialAction\":[{\"@type\":\"SearchAction\",\"target\":{\"@type\":\"EntryPoint\",\"urlTemplate\":\"https:\/\/notariuszpruszkow.waw.pl\/?s={search_term_string}\"},\"query-input\":\"required name=search_term_string\"}],\"inLanguage\":\"en-US\"},{\"@type\":\"Organization\",\"@id\":\"https:\/\/notariuszpruszkow.waw.pl\/#organization\",\"name\":\"Kancelaria Notarialna Anita Gadacz-Skiba\",\"url\":\"https:\/\/notariuszpruszkow.waw.pl\/\",\"logo\":{\"@type\":\"ImageObject\",\"inLanguage\":\"en-US\",\"@id\":\"https:\/\/notariuszpruszkow.waw.pl\/#\/schema\/logo\/image\/\",\"url\":\"https:\/\/notariuszpruszkow.waw.pl\/wp-content\/uploads\/2022\/11\/logo-black.png\",\"contentUrl\":\"https:\/\/notariuszpruszkow.waw.pl\/wp-content\/uploads\/2022\/11\/logo-black.png\",\"width\":2084,\"height\":605,\"caption\":\"Kancelaria Notarialna Anita Gadacz-Skiba\"},\"image\":{\"@id\":\"https:\/\/notariuszpruszkow.waw.pl\/#\/schema\/logo\/image\/\"}}]}<\/script>\n<!-- \/ Yoast SEO Premium plugin. -->","yoast_head_json":{"title":"Kancelaria Notarialna Anita Gadacz-Skiba","description":"Notariusz Pruszk\u00f3w Cennik - W celu ustalenia wysoko\u015bci wynagrodzenia i op\u0142at prosimy o osobisty, telefoniczny lub e-mailowy.","robots":{"index":"index","follow":"follow","max-snippet":"max-snippet:-1","max-image-preview":"max-image-preview:large","max-video-preview":"max-video-preview:-1"},"canonical":"https:\/\/notariuszpruszkow.waw.pl\/oplaty\/","og_locale":"en_US","og_type":"article","og_title":"Costs","og_description":"Notariusz Pruszk\u00f3w Cennik - W celu ustalenia wysoko\u015bci wynagrodzenia i op\u0142at prosimy o osobisty, telefoniczny lub e-mailowy.","og_url":"https:\/\/notariuszpruszkow.waw.pl\/oplaty\/","og_site_name":"Kancelaria Notarialna Anita Gadacz-Skiba","article_modified_time":"2023-01-11T11:32:16+00:00","twitter_card":"summary_large_image","twitter_misc":{"Est. reading time":"2 minutes"},"schema":{"@context":"https:\/\/schema.org","@graph":[{"@type":"WebPage","@id":"https:\/\/notariuszpruszkow.waw.pl\/oplaty\/","url":"https:\/\/notariuszpruszkow.waw.pl\/oplaty\/","name":"Kancelaria Notarialna Anita Gadacz-Skiba","isPartOf":{"@id":"https:\/\/notariuszpruszkow.waw.pl\/#website"},"datePublished":"2022-11-07T17:56:41+00:00","dateModified":"2023-01-11T11:32:16+00:00","description":"Notariusz Pruszk\u00f3w Cennik - W celu ustalenia wysoko\u015bci wynagrodzenia i op\u0142at prosimy o osobisty, telefoniczny lub e-mailowy.","breadcrumb":{"@id":"https:\/\/notariuszpruszkow.waw.pl\/oplaty\/#breadcrumb"},"inLanguage":"en-US","potentialAction":[{"@type":"ReadAction","target":["https:\/\/notariuszpruszkow.waw.pl\/oplaty\/"]}]},{"@type":"BreadcrumbList","@id":"https:\/\/notariuszpruszkow.waw.pl\/oplaty\/#breadcrumb","itemListElement":[{"@type":"ListItem","position":1,"name":"Strona g\u0142\u00f3wna","item":"https:\/\/notariuszpruszkow.waw.pl\/en\/"},{"@type":"ListItem","position":2,"name":"Costs"}]},{"@type":"WebSite","@id":"https:\/\/notariuszpruszkow.waw.pl\/#website","url":"https:\/\/notariuszpruszkow.waw.pl\/","name":"Kancelaria Notarialna Anita Gadacz-Skiba","description":"Kancelaria w Pruszkowie","publisher":{"@id":"https:\/\/notariuszpruszkow.waw.pl\/#organization"},"alternateName":"Notariusz w Pruszkowie","potentialAction":[{"@type":"SearchAction","target":{"@type":"EntryPoint","urlTemplate":"https:\/\/notariuszpruszkow.waw.pl\/?s={search_term_string}"},"query-input":"required name=search_term_string"}],"inLanguage":"en-US"},{"@type":"Organization","@id":"https:\/\/notariuszpruszkow.waw.pl\/#organization","name":"Kancelaria Notarialna Anita Gadacz-Skiba","url":"https:\/\/notariuszpruszkow.waw.pl\/","logo":{"@type":"ImageObject","inLanguage":"en-US","@id":"https:\/\/notariuszpruszkow.waw.pl\/#\/schema\/logo\/image\/","url":"https:\/\/notariuszpruszkow.waw.pl\/wp-content\/uploads\/2022\/11\/logo-black.png","contentUrl":"https:\/\/notariuszpruszkow.waw.pl\/wp-content\/uploads\/2022\/11\/logo-black.png","width":2084,"height":605,"caption":"Kancelaria Notarialna Anita Gadacz-Skiba"},"image":{"@id":"https:\/\/notariuszpruszkow.waw.pl\/#\/schema\/logo\/image\/"}}]}},"_links":{"self":[{"href":"https:\/\/notariuszpruszkow.waw.pl\/en\/wp-json\/wp\/v2\/pages\/308"}],"collection":[{"href":"https:\/\/notariuszpruszkow.waw.pl\/en\/wp-json\/wp\/v2\/pages"}],"about":[{"href":"https:\/\/notariuszpruszkow.waw.pl\/en\/wp-json\/wp\/v2\/types\/page"}],"author":[{"embeddable":true,"href":"https:\/\/notariuszpruszkow.waw.pl\/en\/wp-json\/wp\/v2\/users\/1"}],"replies":[{"embeddable":true,"href":"https:\/\/notariuszpruszkow.waw.pl\/en\/wp-json\/wp\/v2\/comments?post=308"}],"version-history":[{"count":4,"href":"https:\/\/notariuszpruszkow.waw.pl\/en\/wp-json\/wp\/v2\/pages\/308\/revisions"}],"predecessor-version":[{"id":411,"href":"https:\/\/notariuszpruszkow.waw.pl\/en\/wp-json\/wp\/v2\/pages\/308\/revisions\/411"}],"wp:attachment":[{"href":"https:\/\/notariuszpruszkow.waw.pl\/en\/wp-json\/wp\/v2\/media?parent=308"}],"curies":[{"name":"wp","href":"https:\/\/api.w.org\/{rel}","templated":true}]}}